{"id":97,"date":"2025-06-12T16:06:26","date_gmt":"2025-06-12T14:06:26","guid":{"rendered":"https:\/\/ozeztvpyef-3.meinwp.de\/?page_id=97"},"modified":"2025-07-04T12:28:27","modified_gmt":"2025-07-04T10:28:27","slug":"kontakt","status":"publish","type":"page","link":"https:\/\/kp-hausverwaltung.de\/?page_id=97","title":{"rendered":"Kontakt"},"content":{"rendered":"\t\t<div data-elementor-type=\"wp-page\" data-elementor-id=\"97\" class=\"elementor elementor-97\" data-elementor-post-type=\"page\">\n\t\t\t\t<div class=\"elementor-element elementor-element-d16407b e-con-full e-flex e-con e-parent\" data-id=\"d16407b\" data-element_type=\"container\" data-settings=\"{&quot;background_background&quot;:&quot;classic&quot;,&quot;shape_divider_bottom&quot;:&quot;tilt&quot;}\">\n\t\t\t\t<div class=\"elementor-shape elementor-shape-bottom\" aria-hidden=\"true\" data-negative=\"false\">\n\t\t\t<svg xmlns=\"http:\/\/www.w3.org\/2000\/svg\" viewBox=\"0 0 1000 100\" preserveAspectRatio=\"none\">\n\t<path class=\"elementor-shape-fill\" d=\"M0,6V0h1000v100L0,6z\"\/>\n<\/svg>\t\t<\/div>\n\t\t\t\t<div class=\"elementor-element elementor-element-1dc963b elementor-widget elementor-widget-heading\" data-id=\"1dc963b\" data-element_type=\"widget\" data-widget_type=\"heading.default\">\n\t\t\t\t<div class=\"elementor-widget-container\">\n\t\t\t\t\t<h1 class=\"elementor-heading-title elementor-size-default\">Kontakt<\/h1>\t\t\t\t<\/div>\n\t\t\t\t<\/div>\n\t\t\t\t<\/div>\n\t\t<div class=\"elementor-element elementor-element-244f372 e-con-full e-flex e-con e-child\" data-id=\"244f372\" data-element_type=\"container\" data-settings=\"{&quot;background_background&quot;:&quot;classic&quot;}\">\n\t\t\t\t<div class=\"elementor-element elementor-element-b1e4416 elementor-widget elementor-widget-heading\" data-id=\"b1e4416\" data-element_type=\"widget\" data-widget_type=\"heading.default\">\n\t\t\t\t<div class=\"elementor-widget-container\">\n\t\t\t\t\t<h6 class=\"elementor-heading-title elementor-size-default\">Wir h\u00f6ren und lesen gerne von Ihnen<\/h6>\t\t\t\t<\/div>\n\t\t\t\t<\/div>\n\t\t\t\t<div class=\"elementor-element elementor-element-9c38301 elementor-widget__width-inherit elementor-widget elementor-widget-heading\" data-id=\"9c38301\" data-element_type=\"widget\" data-widget_type=\"heading.default\">\n\t\t\t\t<div class=\"elementor-widget-container\">\n\t\t\t\t\t<h3 class=\"elementor-heading-title elementor-size-default\">Wir sind gerne pers\u00f6nlich f\u00fcr Sie da<\/h3>\t\t\t\t<\/div>\n\t\t\t\t<\/div>\n\t\t\t\t<div class=\"elementor-element elementor-element-ecfcae6 elementor-widget elementor-widget-text-editor\" data-id=\"ecfcae6\" data-element_type=\"widget\" data-widget_type=\"text-editor.default\">\n\t\t\t\t<div class=\"elementor-widget-container\">\n\t\t\t\t\t\t\t\t\t<p data-start=\"184\" data-end=\"538\">Sie haben Fragen zu unseren Leistungen, m\u00f6chten ein individuelles Angebot anfordern oder ein Anliegen besprechen? Dann nehmen Sie gern Kontakt zu uns auf.<br data-start=\"338\" data-end=\"341\" \/>Ob telefonisch, per E-Mail oder \u00fcber unser Kontaktformular \u2013 wir freuen uns darauf, von Ihnen zu h\u00f6ren. Auch f\u00fcr Terminvereinbarungen oder R\u00fcckrufw\u00fcnsche stehen wir Ihnen jederzeit zur Verf\u00fcgung.<\/p><p data-start=\"540\" data-end=\"714\" data-is-last-node=\"\" data-is-only-node=\"\">Als <strong data-start=\"544\" data-end=\"588\">Koenemann &amp; P\u00fcttcher Hausverwaltung GmbH<\/strong> legen wir gro\u00dfen Wert auf pers\u00f6nliche Erreichbarkeit und verbindliche Kommunikation. Wir melden uns zeitnah bei Ihnen zur\u00fcck.<\/p>\t\t\t\t\t\t\t\t<\/div>\n\t\t\t\t<\/div>\n\t\t\t\t<\/div>\n\t\t<div class=\"elementor-element elementor-element-09f4366 e-flex e-con-boxed e-con e-child\" data-id=\"09f4366\" data-element_type=\"container\" data-settings=\"{&quot;background_background&quot;:&quot;classic&quot;}\">\n\t\t\t\t\t<div class=\"e-con-inner\">\n\t\t\t\t<div class=\"elementor-element elementor-element-3934520 elementor-widget elementor-widget-shortcode\" data-id=\"3934520\" data-element_type=\"widget\" data-widget_type=\"shortcode.default\">\n\t\t\t\t<div class=\"elementor-widget-container\">\n\t\t\t\t\t\t\t<div class=\"elementor-shortcode\">\n\t\t\t<div\n\t\t\tclass=\"hs-form-frame\"\n\t\t\tdata-region=\"eu1\"\n\t\t\tdata-form-id=\"15cfc4fb-11a8-49d3-b6e3-10533a33cbc1\"\n\t\t\tdata-portal-id=\"146487412\"\n\t\t\t >\n\t\t\t<\/div>\n\t\t\t<\/div>\n\t\t\t\t\t\t<\/div>\n\t\t\t\t<\/div>\n\t\t\t\t\t<\/div>\n\t\t\t\t<\/div>\n\t\t<div class=\"elementor-element elementor-element-ad5bf64 e-con-full e-flex e-con e-child\" data-id=\"ad5bf64\" data-element_type=\"container\" data-settings=\"{&quot;background_background&quot;:&quot;classic&quot;}\">\n\t\t\t\t<div class=\"elementor-element elementor-element-2d9ea96 elementor-widget elementor-widget-heading\" data-id=\"2d9ea96\" data-element_type=\"widget\" data-widget_type=\"heading.default\">\n\t\t\t\t<div class=\"elementor-widget-container\">\n\t\t\t\t\t<h6 class=\"elementor-heading-title elementor-size-default\">Koenemann &amp; P\u00fcttcher<\/h6>\t\t\t\t<\/div>\n\t\t\t\t<\/div>\n\t\t\t\t<div class=\"elementor-element elementor-element-47d3e01 elementor-widget__width-inherit elementor-widget elementor-widget-heading\" data-id=\"47d3e01\" data-element_type=\"widget\" data-widget_type=\"heading.default\">\n\t\t\t\t<div class=\"elementor-widget-container\">\n\t\t\t\t\t<h3 class=\"elementor-heading-title elementor-size-default\">Ihre Hausverwaltung mit Haltung, <br>Herz und Handschlagqualit\u00e4t<\/h3>\t\t\t\t<\/div>\n\t\t\t\t<\/div>\n\t\t\t\t<\/div>\n\t\t\t\t<\/div>\n\t\t","protected":false},"excerpt":{"rendered":"<p>Kontakt Wir h\u00f6ren und lesen gerne von Ihnen Wir sind gerne pers\u00f6nlich f\u00fcr Sie da Sie haben Fragen zu unseren Leistungen, m\u00f6chten ein individuelles Angebot anfordern oder ein Anliegen besprechen? Dann nehmen Sie gern Kontakt zu uns auf.Ob telefonisch, per E-Mail oder \u00fcber unser Kontaktformular \u2013 wir freuen uns darauf, von Ihnen zu h\u00f6ren. Auch [&hellip;]<\/p>\n","protected":false},"author":1,"featured_media":0,"parent":0,"menu_order":0,"comment_status":"closed","ping_status":"closed","template":"","meta":{"content-type":"","footnotes":""},"class_list":["post-97","page","type-page","status-publish","hentry"],"_links":{"self":[{"href":"https:\/\/kp-hausverwaltung.de\/index.php?rest_route=\/wp\/v2\/pages\/97","targetHints":{"allow":["GET"]}}],"collection":[{"href":"https:\/\/kp-hausverwaltung.de\/index.php?rest_route=\/wp\/v2\/pages"}],"about":[{"href":"https:\/\/kp-hausverwaltung.de\/index.php?rest_route=\/wp\/v2\/types\/page"}],"author":[{"embeddable":true,"href":"https:\/\/kp-hausverwaltung.de\/index.php?rest_route=\/wp\/v2\/users\/1"}],"replies":[{"embeddable":true,"href":"https:\/\/kp-hausverwaltung.de\/index.php?rest_route=%2Fwp%2Fv2%2Fcomments&post=97"}],"version-history":[{"count":6,"href":"https:\/\/kp-hausverwaltung.de\/index.php?rest_route=\/wp\/v2\/pages\/97\/revisions"}],"predecessor-version":[{"id":186,"href":"https:\/\/kp-hausverwaltung.de\/index.php?rest_route=\/wp\/v2\/pages\/97\/revisions\/186"}],"wp:attachment":[{"href":"https:\/\/kp-hausverwaltung.de\/index.php?rest_route=%2Fwp%2Fv2%2Fmedia&parent=97"}],"curies":[{"name":"wp","href":"https:\/\/api.w.org\/{rel}","templated":true}]}}