{"id":89,"date":"2025-06-12T15:53:49","date_gmt":"2025-06-12T13:53:49","guid":{"rendered":"https:\/\/ozeztvpyef-3.meinwp.de\/?page_id=89"},"modified":"2025-07-04T13:12:06","modified_gmt":"2025-07-04T11:12:06","slug":"individuelle-dienstleistungen","status":"publish","type":"page","link":"https:\/\/kp-hausverwaltung.de\/?page_id=89","title":{"rendered":"individuelle-Dienstleistungen"},"content":{"rendered":"\t\t<div data-elementor-type=\"wp-page\" data-elementor-id=\"89\" class=\"elementor elementor-89\" data-elementor-post-type=\"page\">\n\t\t\t\t<div class=\"elementor-element elementor-element-d16407b e-con-full e-flex e-con e-parent\" data-id=\"d16407b\" data-element_type=\"container\" data-settings=\"{&quot;background_background&quot;:&quot;classic&quot;,&quot;shape_divider_bottom&quot;:&quot;tilt&quot;}\">\n\t\t\t\t<div class=\"elementor-shape elementor-shape-bottom\" aria-hidden=\"true\" data-negative=\"false\">\n\t\t\t<svg xmlns=\"http:\/\/www.w3.org\/2000\/svg\" viewBox=\"0 0 1000 100\" preserveAspectRatio=\"none\">\n\t<path class=\"elementor-shape-fill\" d=\"M0,6V0h1000v100L0,6z\"\/>\n<\/svg>\t\t<\/div>\n\t\t\t\t<div class=\"elementor-element elementor-element-1dc963b elementor-widget elementor-widget-heading\" data-id=\"1dc963b\" data-element_type=\"widget\" data-widget_type=\"heading.default\">\n\t\t\t\t<div class=\"elementor-widget-container\">\n\t\t\t\t\t<h1 class=\"elementor-heading-title elementor-size-default\">Individuelle Dienstleistungen<\/h1>\t\t\t\t<\/div>\n\t\t\t\t<\/div>\n\t\t\t\t<\/div>\n\t\t<div class=\"elementor-element elementor-element-244f372 e-con-full e-flex e-con e-child\" data-id=\"244f372\" data-element_type=\"container\" data-settings=\"{&quot;background_background&quot;:&quot;classic&quot;}\">\n\t\t\t\t<div class=\"elementor-element elementor-element-b1e4416 elementor-widget elementor-widget-heading\" data-id=\"b1e4416\" data-element_type=\"widget\" data-widget_type=\"heading.default\">\n\t\t\t\t<div class=\"elementor-widget-container\">\n\t\t\t\t\t<h6 class=\"elementor-heading-title elementor-size-default\">flexibel, kompetent und l\u00f6sungsorientiert<\/h6>\t\t\t\t<\/div>\n\t\t\t\t<\/div>\n\t\t\t\t<div class=\"elementor-element elementor-element-9c38301 elementor-widget__width-inherit elementor-widget elementor-widget-heading\" data-id=\"9c38301\" data-element_type=\"widget\" data-widget_type=\"heading.default\">\n\t\t\t\t<div class=\"elementor-widget-container\">\n\t\t\t\t\t<h3 class=\"elementor-heading-title elementor-size-default\">Ma\u00dfgeschneiderte L\u00f6sungen f\u00fcr besondere Anforderungen<\/h3>\t\t\t\t<\/div>\n\t\t\t\t<\/div>\n\t\t\t\t<div class=\"elementor-element elementor-element-ecfcae6 elementor-widget elementor-widget-text-editor\" data-id=\"ecfcae6\" data-element_type=\"widget\" data-widget_type=\"text-editor.default\">\n\t\t\t\t<div class=\"elementor-widget-container\">\n\t\t\t\t\t\t\t\t\t<p data-start=\"312\" data-end=\"756\">Nicht jede Herausforderung in der Immobilienverwaltung l\u00e4sst sich mit einem Standardpaket abdecken. Deshalb bieten wir unseren Kunden \u00fcber die klassischen Verwaltungsleistungen hinaus auch <strong data-start=\"501\" data-end=\"534\">individuelle Dienstleistungen<\/strong>, die speziell auf besondere Anliegen und komplexe Anforderungen zugeschnitten sind. Ob als punktuelle Unterst\u00fctzung oder als dauerhaft begleitende Zusatzleistung \u2013 wir stehen Ihnen mit unserem gesamten Know-how zur Seite.<\/p><p data-start=\"758\" data-end=\"1348\">Ein h\u00e4ufiger Bedarf besteht im Bereich <strong data-start=\"797\" data-end=\"821\">rechtlicher Beratung<\/strong> rund um die Immobilienverwaltung. Zwar d\u00fcrfen wir als Hausverwaltung keine Rechtsberatung im juristischen Sinne leisten, doch verf\u00fcgen wir \u00fcber fundiertes Fachwissen zu wohnungswirtschaftlichen Fragestellungen und langj\u00e4hrige Erfahrung im Umgang mit Miet-, Eigentums- und Nachbarschaftsangelegenheiten. Auf Wunsch begleiten wir Sie bei der Durchsetzung Ihrer Eigent\u00fcmerrechte, bereiten Unterlagen f\u00fcr anwaltliche oder gerichtliche Verfahren vor und vermitteln den Kontakt zu spezialisierten Fachanw\u00e4lten oder Sachverst\u00e4ndigen.<\/p><p data-start=\"1350\" data-end=\"1872\">Dar\u00fcber hinaus unterst\u00fctzen wir Sie bei der <strong data-start=\"1394\" data-end=\"1482\">Planung, Ausschreibung und Koordination von Sanierungs- und Modernisierungsma\u00dfnahmen<\/strong>. Gerade gr\u00f6\u00dfere Bau- oder Instandhaltungsprojekte erfordern eine verl\u00e4ssliche Projektsteuerung, sorgf\u00e4ltige Kommunikation mit allen Beteiligten und ein gutes Gef\u00fchl f\u00fcr Zeitpl\u00e4ne, Budgets und Gewerke. Wir helfen Ihnen bei der Vorbereitung von Eigent\u00fcmerbeschl\u00fcssen, holen Angebote ein, begleiten die Entscheidungsfindung und sorgen f\u00fcr die fachgerechte Umsetzung \u2013 bis zur finalen Abnahme.<\/p>\t\t\t\t\t\t\t\t<\/div>\n\t\t\t\t<\/div>\n\t\t\t\t<\/div>\n\t\t<div class=\"elementor-element elementor-element-cff19ad e-con-full e-flex e-con e-parent\" data-id=\"cff19ad\" data-element_type=\"container\" data-settings=\"{&quot;background_background&quot;:&quot;classic&quot;}\">\n\t\t\t\t<\/div>\n\t\t<div class=\"elementor-element elementor-element-cc0b5a1 e-con-full e-flex e-con e-child\" data-id=\"cc0b5a1\" data-element_type=\"container\" data-settings=\"{&quot;background_background&quot;:&quot;classic&quot;}\">\n\t\t\t\t<div class=\"elementor-element elementor-element-e759178 elementor-widget elementor-widget-heading\" data-id=\"e759178\" data-element_type=\"widget\" data-widget_type=\"heading.default\">\n\t\t\t\t<div class=\"elementor-widget-container\">\n\t\t\t\t\t<h6 class=\"elementor-heading-title elementor-size-default\">wir finden L\u00f6sungen, wo andere Konflikte sehen<\/h6>\t\t\t\t<\/div>\n\t\t\t\t<\/div>\n\t\t\t\t<div class=\"elementor-element elementor-element-a0c7fd1 elementor-widget__width-inherit elementor-widget elementor-widget-heading\" data-id=\"a0c7fd1\" data-element_type=\"widget\" data-widget_type=\"heading.default\">\n\t\t\t\t<div class=\"elementor-widget-container\">\n\t\t\t\t\t<h3 class=\"elementor-heading-title elementor-size-default\">Vermitteln statt eskalieren<\/h3>\t\t\t\t<\/div>\n\t\t\t\t<\/div>\n\t\t\t\t<div class=\"elementor-element elementor-element-e83cd75 elementor-widget elementor-widget-text-editor\" data-id=\"e83cd75\" data-element_type=\"widget\" data-widget_type=\"text-editor.default\">\n\t\t\t\t<div class=\"elementor-widget-container\">\n\t\t\t\t\t\t\t\t\t<p>Auch individuelle Verhandlungs- und Vermittlungst\u00e4tigkeiten \u2013 etwa bei Streitigkeiten mit Mietern, Nachbarn oder Dritten \u2013 \u00fcbernehmen wir auf Wunsch. Durch unsere Erfahrung im t\u00e4glichen Umgang mit verschiedensten Interessengruppen gelingt es uns oft, pragmatische L\u00f6sungen zu finden, ohne dass es eskaliert oder externe Stellen einbezogen werden m\u00fcssen.<\/p><p>Unsere individuellen Dienstleistungen richten sich sowohl an private Eigent\u00fcmer als auch an Kapitalanleger, Projektentwickler oder Eigent\u00fcmergemeinschaften mit erh\u00f6htem Koordinationsbedarf. Dabei gilt: Wir h\u00f6ren zu, analysieren den Bedarf und entwickeln gemeinsam mit Ihnen ein passgenaues Leistungskonzept \u2013 transparent, kalkulierbar und mit klaren Ansprechpartnern.<\/p><p>Vielleicht haben wir mit unserem Leistungsspektrum Ihr Interesse geweckt? Dann lassen Sie uns gern \u00fcber Ihr Anliegen sprechen. Wir erstellen Ihnen ein unverbindliches, individuell abgestimmtes Angebot \u2013 damit Ihre Immobilie genau die Betreuung erh\u00e4lt, die sie verdient.<\/p>\t\t\t\t\t\t\t\t<\/div>\n\t\t\t\t<\/div>\n\t\t\t\t<\/div>\n\t\t<div class=\"elementor-element elementor-element-ad5bf64 e-con-full e-flex e-con e-child\" data-id=\"ad5bf64\" data-element_type=\"container\" data-settings=\"{&quot;background_background&quot;:&quot;classic&quot;}\">\n\t\t\t\t<div class=\"elementor-element elementor-element-2d9ea96 elementor-widget elementor-widget-heading\" data-id=\"2d9ea96\" data-element_type=\"widget\" data-widget_type=\"heading.default\">\n\t\t\t\t<div class=\"elementor-widget-container\">\n\t\t\t\t\t<h6 class=\"elementor-heading-title elementor-size-default\">Koenemann &amp; P\u00fcttcher<\/h6>\t\t\t\t<\/div>\n\t\t\t\t<\/div>\n\t\t\t\t<div class=\"elementor-element elementor-element-47d3e01 elementor-widget__width-inherit elementor-widget elementor-widget-heading\" data-id=\"47d3e01\" data-element_type=\"widget\" data-widget_type=\"heading.default\">\n\t\t\t\t<div class=\"elementor-widget-container\">\n\t\t\t\t\t<h3 class=\"elementor-heading-title elementor-size-default\">Ihre Hausverwaltung mit Haltung, <br>Herz und Handschlagqualit\u00e4t<\/h3>\t\t\t\t<\/div>\n\t\t\t\t<\/div>\n\t\t\t\t<\/div>\n\t\t\t\t<\/div>\n\t\t","protected":false},"excerpt":{"rendered":"<p>Individuelle Dienstleistungen flexibel, kompetent und l\u00f6sungsorientiert Ma\u00dfgeschneiderte L\u00f6sungen f\u00fcr besondere Anforderungen Nicht jede Herausforderung in der Immobilienverwaltung l\u00e4sst sich mit einem Standardpaket abdecken. Deshalb bieten wir unseren Kunden \u00fcber die klassischen Verwaltungsleistungen hinaus auch individuelle Dienstleistungen, die speziell auf besondere Anliegen und komplexe Anforderungen zugeschnitten sind. Ob als punktuelle Unterst\u00fctzung oder als dauerhaft begleitende Zusatzleistung [&hellip;]<\/p>\n","protected":false},"author":1,"featured_media":0,"parent":0,"menu_order":0,"comment_status":"closed","ping_status":"closed","template":"","meta":{"content-type":"","footnotes":""},"class_list":["post-89","page","type-page","status-publish","hentry"],"_links":{"self":[{"href":"https:\/\/kp-hausverwaltung.de\/index.php?rest_route=\/wp\/v2\/pages\/89","targetHints":{"allow":["GET"]}}],"collection":[{"href":"https:\/\/kp-hausverwaltung.de\/index.php?rest_route=\/wp\/v2\/pages"}],"about":[{"href":"https:\/\/kp-hausverwaltung.de\/index.php?rest_route=\/wp\/v2\/types\/page"}],"author":[{"embeddable":true,"href":"https:\/\/kp-hausverwaltung.de\/index.php?rest_route=\/wp\/v2\/users\/1"}],"replies":[{"embeddable":true,"href":"https:\/\/kp-hausverwaltung.de\/index.php?rest_route=%2Fwp%2Fv2%2Fcomments&post=89"}],"version-history":[{"count":6,"href":"https:\/\/kp-hausverwaltung.de\/index.php?rest_route=\/wp\/v2\/pages\/89\/revisions"}],"predecessor-version":[{"id":195,"href":"https:\/\/kp-hausverwaltung.de\/index.php?rest_route=\/wp\/v2\/pages\/89\/revisions\/195"}],"wp:attachment":[{"href":"https:\/\/kp-hausverwaltung.de\/index.php?rest_route=%2Fwp%2Fv2%2Fmedia&parent=89"}],"curies":[{"name":"wp","href":"https:\/\/api.w.org\/{rel}","templated":true}]}}