{"id":85,"date":"2025-06-12T15:44:06","date_gmt":"2025-06-12T13:44:06","guid":{"rendered":"https:\/\/ozeztvpyef-3.meinwp.de\/?page_id=85"},"modified":"2025-07-04T13:16:18","modified_gmt":"2025-07-04T11:16:18","slug":"sondereigentumsverwaltung","status":"publish","type":"page","link":"https:\/\/kp-hausverwaltung.de\/?page_id=85","title":{"rendered":"Sondereigentumsverwaltung"},"content":{"rendered":"\t\t<div data-elementor-type=\"wp-page\" data-elementor-id=\"85\" class=\"elementor elementor-85\" data-elementor-post-type=\"page\">\n\t\t\t\t<div class=\"elementor-element elementor-element-d16407b e-con-full e-flex e-con e-parent\" data-id=\"d16407b\" data-element_type=\"container\" data-settings=\"{&quot;background_background&quot;:&quot;classic&quot;,&quot;shape_divider_bottom&quot;:&quot;tilt&quot;}\">\n\t\t\t\t<div class=\"elementor-shape elementor-shape-bottom\" aria-hidden=\"true\" data-negative=\"false\">\n\t\t\t<svg xmlns=\"http:\/\/www.w3.org\/2000\/svg\" viewBox=\"0 0 1000 100\" preserveAspectRatio=\"none\">\n\t<path class=\"elementor-shape-fill\" d=\"M0,6V0h1000v100L0,6z\"\/>\n<\/svg>\t\t<\/div>\n\t\t\t\t<div class=\"elementor-element elementor-element-1dc963b elementor-widget elementor-widget-heading\" data-id=\"1dc963b\" data-element_type=\"widget\" data-widget_type=\"heading.default\">\n\t\t\t\t<div class=\"elementor-widget-container\">\n\t\t\t\t\t<h1 class=\"elementor-heading-title elementor-size-default\">Sondereigentumsverwaltung<\/h1>\t\t\t\t<\/div>\n\t\t\t\t<\/div>\n\t\t\t\t<\/div>\n\t\t<div class=\"elementor-element elementor-element-244f372 e-con-full e-flex e-con e-child\" data-id=\"244f372\" data-element_type=\"container\" data-settings=\"{&quot;background_background&quot;:&quot;classic&quot;}\">\n\t\t\t\t<div class=\"elementor-element elementor-element-b1e4416 elementor-widget elementor-widget-heading\" data-id=\"b1e4416\" data-element_type=\"widget\" data-widget_type=\"heading.default\">\n\t\t\t\t<div class=\"elementor-widget-container\">\n\t\t\t\t\t<h6 class=\"elementor-heading-title elementor-size-default\">umfassend, entlastend, zuverl\u00e4ssig<\/h6>\t\t\t\t<\/div>\n\t\t\t\t<\/div>\n\t\t\t\t<div class=\"elementor-element elementor-element-9c38301 elementor-widget__width-inherit elementor-widget elementor-widget-heading\" data-id=\"9c38301\" data-element_type=\"widget\" data-widget_type=\"heading.default\">\n\t\t\t\t<div class=\"elementor-widget-container\">\n\t\t\t\t\t<h3 class=\"elementor-heading-title elementor-size-default\">Individuelle Verwaltung f\u00fcr Ihre Eigentumswohnung<\/h3>\t\t\t\t<\/div>\n\t\t\t\t<\/div>\n\t\t\t\t<div class=\"elementor-element elementor-element-ecfcae6 elementor-widget elementor-widget-text-editor\" data-id=\"ecfcae6\" data-element_type=\"widget\" data-widget_type=\"text-editor.default\">\n\t\t\t\t<div class=\"elementor-widget-container\">\n\t\t\t\t\t\t\t\t\t<p data-start=\"292\" data-end=\"776\">Die Sondereigentumsverwaltung richtet sich an Eigent\u00fcmer von einzelnen Wohnungen innerhalb einer Wohnungseigent\u00fcmergemeinschaft, die ihre Immobilie vermieten und dabei auf professionelle Unterst\u00fctzung setzen m\u00f6chten. W\u00e4hrend die Verwaltung des Gemeinschaftseigentums \u00fcblicherweise durch eine WEG-Verwaltung erfolgt, betrifft die Sondereigentumsverwaltung ausschlie\u00dflich das <strong data-start=\"666\" data-end=\"684\">Sondereigentum<\/strong> \u2013 also die jeweils eigene Wohnung samt zugeh\u00f6riger R\u00e4ume, wie etwa Keller oder Stellpl\u00e4tze.<\/p><p data-start=\"778\" data-end=\"1108\">Als erfahrene Hausverwaltung bieten wir Ihnen in diesem Bereich ein umfassendes Leistungspaket, das speziell auf die Bed\u00fcrfnisse vermietender Eigent\u00fcmer zugeschnitten ist. Unser Ziel ist es, Sie im Tagesgesch\u00e4ft vollst\u00e4ndig zu entlasten und gleichzeitig den Werterhalt sowie die Wirtschaftlichkeit Ihres Eigentums sicherzustellen.<\/p>\t\t\t\t\t\t\t\t<\/div>\n\t\t\t\t<\/div>\n\t\t\t\t<\/div>\n\t\t<div class=\"elementor-element elementor-element-ae3898f e-con-full e-flex e-con e-parent\" data-id=\"ae3898f\" data-element_type=\"container\" data-settings=\"{&quot;background_background&quot;:&quot;classic&quot;}\">\n\t\t\t\t<\/div>\n\t\t<div class=\"elementor-element elementor-element-4277c1e e-con-full e-flex e-con e-child\" data-id=\"4277c1e\" data-element_type=\"container\" data-settings=\"{&quot;background_background&quot;:&quot;classic&quot;}\">\n\t\t\t\t<div class=\"elementor-element elementor-element-b0a55d5 elementor-widget elementor-widget-heading\" data-id=\"b0a55d5\" data-element_type=\"widget\" data-widget_type=\"heading.default\">\n\t\t\t\t<div class=\"elementor-widget-container\">\n\t\t\t\t\t<h6 class=\"elementor-heading-title elementor-size-default\">komplette Organisation<\/h6>\t\t\t\t<\/div>\n\t\t\t\t<\/div>\n\t\t\t\t<div class=\"elementor-element elementor-element-c5a5ac6 elementor-widget__width-inherit elementor-widget elementor-widget-heading\" data-id=\"c5a5ac6\" data-element_type=\"widget\" data-widget_type=\"heading.default\">\n\t\t\t\t<div class=\"elementor-widget-container\">\n\t\t\t\t\t<h3 class=\"elementor-heading-title elementor-size-default\">rund um die Vermietung Ihrer Wohnung<\/h3>\t\t\t\t<\/div>\n\t\t\t\t<\/div>\n\t\t\t\t<\/div>\n\t\t<div class=\"elementor-element elementor-element-8dcde68 e-flex e-con-boxed e-con e-parent\" data-id=\"8dcde68\" data-element_type=\"container\">\n\t\t\t\t\t<div class=\"e-con-inner\">\n\t\t<div class=\"elementor-element elementor-element-3e40d39 e-con-full e-flex e-con e-child\" data-id=\"3e40d39\" data-element_type=\"container\" data-settings=\"{&quot;background_background&quot;:&quot;classic&quot;}\">\n\t\t\t\t<\/div>\n\t\t<div class=\"elementor-element elementor-element-fce1f76 e-con-full e-flex e-con e-child\" data-id=\"fce1f76\" data-element_type=\"container\" data-settings=\"{&quot;background_background&quot;:&quot;classic&quot;}\">\n\t\t\t\t<div class=\"elementor-element elementor-element-0f68e2f elementor-widget elementor-widget-text-editor\" data-id=\"0f68e2f\" data-element_type=\"widget\" data-widget_type=\"text-editor.default\">\n\t\t\t\t<div class=\"elementor-widget-container\">\n\t\t\t\t\t\t\t\t\t<p data-start=\"181\" data-end=\"524\">Wir \u00fcbernehmen die komplette Organisation rund um die <strong data-start=\"1164\" data-end=\"1192\">Vermietung Ihrer Wohnung<\/strong>. Dazu z\u00e4hlt die Erstellung eines aussagekr\u00e4ftigen Expos\u00e9s, die Koordination von Besichtigungsterminen, die Bonit\u00e4tspr\u00fcfung potenzieller Mieter sowie die Erstellung eines rechtssicheren Mietvertrags auf Grundlage der aktuellen gesetzlichen Bestimmungen. Auch die Wohnungs\u00fcbergabe \u2013 inklusive detailliertem Protokoll \u2013 wird von uns \u00fcbernommen. W\u00e4hrend des Mietverh\u00e4ltnisses stehen wir als Ansprechpartner f\u00fcr Ihre Mieter zur Verf\u00fcgung, k\u00fcmmern uns um Fragen, Beschwerden oder Anliegen und wickeln bei Bedarf K\u00fcndigungen sowie Neuvermietungen ab.<\/p><p data-start=\"181\" data-end=\"524\">Neben der Vermietung k\u00fcmmern wir uns auch um alle Aufgaben der <strong data-start=\"1801\" data-end=\"1846\">technischen und kaufm\u00e4nnischen Verwaltung<\/strong>. Das bedeutet: Wir organisieren notwendige Reparaturen und Instandhaltungsma\u00dfnahmen im Sondereigentum, beauftragen Handwerksbetriebe, \u00fcberwachen die Ausf\u00fchrung der Arbeiten und dokumentieren s\u00e4mtliche Ma\u00dfnahmen sorgf\u00e4ltig. Dar\u00fcber hinaus sorgen wir f\u00fcr die laufende \u00dcberwachung der Mieteing\u00e4nge, das Mahnwesen bei R\u00fcckst\u00e4nden und \u2013 falls gew\u00fcnscht \u2013 die j\u00e4hrliche Abrechnung der Betriebskosten gegen\u00fcber dem Mieter.<\/p>\t\t\t\t\t\t\t\t<\/div>\n\t\t\t\t<\/div>\n\t\t\t\t<\/div>\n\t\t\t\t\t<\/div>\n\t\t\t\t<\/div>\n\t\t<div class=\"elementor-element elementor-element-71fae5b e-con-full e-flex e-con e-child\" data-id=\"71fae5b\" data-element_type=\"container\" data-settings=\"{&quot;background_background&quot;:&quot;classic&quot;}\">\n\t\t\t\t<div class=\"elementor-element elementor-element-cadd151 elementor-widget elementor-widget-text-editor\" data-id=\"cadd151\" data-element_type=\"widget\" data-widget_type=\"text-editor.default\">\n\t\t\t\t<div class=\"elementor-widget-container\">\n\t\t\t\t\t\t\t\t\t<p data-start=\"2264\" data-end=\"2534\">F\u00fcr Sie als Eigent\u00fcmer bedeutet das: Kein Zeitaufwand, keine rechtlichen Unsicherheiten und keine m\u00fchsame Kommunikation mit Dienstleistern oder Mietern. Wir k\u00fcmmern uns um s\u00e4mtliche organisatorischen und administrativen Aufgaben \u2013 transparent, effizient und verl\u00e4sslich.<\/p><p data-start=\"2536\" data-end=\"2826\">Ob Sie in unmittelbarer N\u00e4he wohnen oder weit entfernt \u2013 mit unserer Sondereigentumsverwaltung wissen Sie Ihre Wohnung jederzeit in guten H\u00e4nden. Wir halten Sie regelm\u00e4\u00dfig auf dem Laufenden, informieren Sie \u00fcber relevante Vorg\u00e4nge und stehen Ihnen als kompetenter Ansprechpartner zur Seite.<\/p>\t\t\t\t\t\t\t\t<\/div>\n\t\t\t\t<\/div>\n\t\t\t\t<\/div>\n\t\t<div class=\"elementor-element elementor-element-ad5bf64 e-con-full e-flex e-con e-child\" data-id=\"ad5bf64\" data-element_type=\"container\" data-settings=\"{&quot;background_background&quot;:&quot;classic&quot;}\">\n\t\t\t\t<div class=\"elementor-element elementor-element-2d9ea96 elementor-widget elementor-widget-heading\" data-id=\"2d9ea96\" data-element_type=\"widget\" data-widget_type=\"heading.default\">\n\t\t\t\t<div class=\"elementor-widget-container\">\n\t\t\t\t\t<h6 class=\"elementor-heading-title elementor-size-default\">Koenemann &amp; P\u00fcttcher<\/h6>\t\t\t\t<\/div>\n\t\t\t\t<\/div>\n\t\t\t\t<div class=\"elementor-element elementor-element-47d3e01 elementor-widget__width-inherit elementor-widget elementor-widget-heading\" data-id=\"47d3e01\" data-element_type=\"widget\" data-widget_type=\"heading.default\">\n\t\t\t\t<div class=\"elementor-widget-container\">\n\t\t\t\t\t<h3 class=\"elementor-heading-title elementor-size-default\">Ihre pers\u00f6nliche Verwaltung f\u00fcr vermietetes Sondereigentum, damit Sie sich auf das Wesentliche konzentrieren k\u00f6nnen<\/h3>\t\t\t\t<\/div>\n\t\t\t\t<\/div>\n\t\t\t\t<\/div>\n\t\t\t\t<\/div>\n\t\t","protected":false},"excerpt":{"rendered":"<p>Sondereigentumsverwaltung umfassend, entlastend, zuverl\u00e4ssig Individuelle Verwaltung f\u00fcr Ihre Eigentumswohnung Die Sondereigentumsverwaltung richtet sich an Eigent\u00fcmer von einzelnen Wohnungen innerhalb einer Wohnungseigent\u00fcmergemeinschaft, die ihre Immobilie vermieten und dabei auf professionelle Unterst\u00fctzung setzen m\u00f6chten. W\u00e4hrend die Verwaltung des Gemeinschaftseigentums \u00fcblicherweise durch eine WEG-Verwaltung erfolgt, betrifft die Sondereigentumsverwaltung ausschlie\u00dflich das Sondereigentum \u2013 also die jeweils eigene Wohnung samt [&hellip;]<\/p>\n","protected":false},"author":1,"featured_media":0,"parent":0,"menu_order":0,"comment_status":"closed","ping_status":"closed","template":"","meta":{"content-type":"","footnotes":""},"class_list":["post-85","page","type-page","status-publish","hentry"],"_links":{"self":[{"href":"https:\/\/kp-hausverwaltung.de\/index.php?rest_route=\/wp\/v2\/pages\/85","targetHints":{"allow":["GET"]}}],"collection":[{"href":"https:\/\/kp-hausverwaltung.de\/index.php?rest_route=\/wp\/v2\/pages"}],"about":[{"href":"https:\/\/kp-hausverwaltung.de\/index.php?rest_route=\/wp\/v2\/types\/page"}],"author":[{"embeddable":true,"href":"https:\/\/kp-hausverwaltung.de\/index.php?rest_route=\/wp\/v2\/users\/1"}],"replies":[{"embeddable":true,"href":"https:\/\/kp-hausverwaltung.de\/index.php?rest_route=%2Fwp%2Fv2%2Fcomments&post=85"}],"version-history":[{"count":9,"href":"https:\/\/kp-hausverwaltung.de\/index.php?rest_route=\/wp\/v2\/pages\/85\/revisions"}],"predecessor-version":[{"id":205,"href":"https:\/\/kp-hausverwaltung.de\/index.php?rest_route=\/wp\/v2\/pages\/85\/revisions\/205"}],"wp:attachment":[{"href":"https:\/\/kp-hausverwaltung.de\/index.php?rest_route=%2Fwp%2Fv2%2Fmedia&parent=85"}],"curies":[{"name":"wp","href":"https:\/\/api.w.org\/{rel}","templated":true}]}}