{"id":81,"date":"2025-06-12T15:41:12","date_gmt":"2025-06-12T13:41:12","guid":{"rendered":"https:\/\/ozeztvpyef-3.meinwp.de\/?page_id=81"},"modified":"2025-07-04T13:14:50","modified_gmt":"2025-07-04T11:14:50","slug":"mietverwaltung","status":"publish","type":"page","link":"https:\/\/kp-hausverwaltung.de\/?page_id=81","title":{"rendered":"Mietverwaltung"},"content":{"rendered":"\t\t<div data-elementor-type=\"wp-page\" data-elementor-id=\"81\" class=\"elementor elementor-81\" data-elementor-post-type=\"page\">\n\t\t\t\t<div class=\"elementor-element elementor-element-d16407b e-con-full e-flex e-con e-parent\" data-id=\"d16407b\" data-element_type=\"container\" data-settings=\"{&quot;background_background&quot;:&quot;classic&quot;,&quot;shape_divider_bottom&quot;:&quot;tilt&quot;}\">\n\t\t\t\t<div class=\"elementor-shape elementor-shape-bottom\" aria-hidden=\"true\" data-negative=\"false\">\n\t\t\t<svg xmlns=\"http:\/\/www.w3.org\/2000\/svg\" viewBox=\"0 0 1000 100\" preserveAspectRatio=\"none\">\n\t<path class=\"elementor-shape-fill\" d=\"M0,6V0h1000v100L0,6z\"\/>\n<\/svg>\t\t<\/div>\n\t\t\t\t<div class=\"elementor-element elementor-element-1dc963b elementor-widget elementor-widget-heading\" data-id=\"1dc963b\" data-element_type=\"widget\" data-widget_type=\"heading.default\">\n\t\t\t\t<div class=\"elementor-widget-container\">\n\t\t\t\t\t<h1 class=\"elementor-heading-title elementor-size-default\">Mietverwaltung<\/h1>\t\t\t\t<\/div>\n\t\t\t\t<\/div>\n\t\t\t\t<\/div>\n\t\t<div class=\"elementor-element elementor-element-244f372 e-con-full e-flex e-con e-child\" data-id=\"244f372\" data-element_type=\"container\" data-settings=\"{&quot;background_background&quot;:&quot;classic&quot;}\">\n\t\t\t\t<div class=\"elementor-element elementor-element-b1e4416 elementor-widget elementor-widget-heading\" data-id=\"b1e4416\" data-element_type=\"widget\" data-widget_type=\"heading.default\">\n\t\t\t\t<div class=\"elementor-widget-container\">\n\t\t\t\t\t<h6 class=\"elementor-heading-title elementor-size-default\">zuverl\u00e4ssig und effizient<\/h6>\t\t\t\t<\/div>\n\t\t\t\t<\/div>\n\t\t\t\t<div class=\"elementor-element elementor-element-9c38301 elementor-widget__width-inherit elementor-widget elementor-widget-heading\" data-id=\"9c38301\" data-element_type=\"widget\" data-widget_type=\"heading.default\">\n\t\t\t\t<div class=\"elementor-widget-container\">\n\t\t\t\t\t<h3 class=\"elementor-heading-title elementor-size-default\">Komplette Betreuung f\u00fcr Ihre Mietimmobilien<\/h3>\t\t\t\t<\/div>\n\t\t\t\t<\/div>\n\t\t\t\t<div class=\"elementor-element elementor-element-ecfcae6 elementor-widget elementor-widget-text-editor\" data-id=\"ecfcae6\" data-element_type=\"widget\" data-widget_type=\"text-editor.default\">\n\t\t\t\t<div class=\"elementor-widget-container\">\n\t\t\t\t\t\t\t\t\t<p data-start=\"276\" data-end=\"787\">Die Verwaltung von Mietobjekten erfordert weit mehr als nur die reine Mietabrechnung. Sie verlangt wirtschaftliches Denken, rechtliche Sicherheit, technisches Verst\u00e4ndnis und nicht zuletzt eine klare, l\u00f6sungsorientierte Kommunikation mit Mietern, Eigent\u00fcmern, Handwerkern und Beh\u00f6rden. Als erfahrene Hausverwaltung \u00fcbernehmen wir f\u00fcr Sie alle Aufgaben rund um die professionelle <strong data-start=\"655\" data-end=\"673\">Mietverwaltung<\/strong> \u2013 ganz gleich, ob es sich um ein einzelnes Mehrfamilienhaus oder ein umfangreicheres Immobilienportfolio handelt.<\/p><p data-start=\"789\" data-end=\"950\">Unser Ziel: Den laufenden Betrieb Ihrer Immobilie reibungslos zu organisieren, Risiken zu minimieren und zugleich den Wert Ihres Eigentums nachhaltig zu sichern.<\/p><p data-start=\"789\" data-end=\"950\">Ob privater Eigent\u00fcmer oder institutioneller Investor: Wir betreuen Ihre Mietobjekte mit der gleichen Sorgfalt, als w\u00e4ren es unsere eigenen. Durch feste Ansprechpartner, digitale Verwaltungsprozesse und umfassende Erfahrung bieten wir Ihnen <strong data-start=\"3612\" data-end=\"3652\">eine professionelle Rundum-Betreuung<\/strong>, auf die Sie sich verlassen k\u00f6nnen \u2013 heute und in Zukunft.<\/p>\t\t\t\t\t\t\t\t<\/div>\n\t\t\t\t<\/div>\n\t\t\t\t<\/div>\n\t\t<div class=\"elementor-element elementor-element-cff19ad e-con-full e-flex e-con e-parent\" data-id=\"cff19ad\" data-element_type=\"container\" data-settings=\"{&quot;background_background&quot;:&quot;classic&quot;}\">\n\t\t\t\t<\/div>\n\t\t<div class=\"elementor-element elementor-element-cc0b5a1 e-con-full e-flex e-con e-child\" data-id=\"cc0b5a1\" data-element_type=\"container\" data-settings=\"{&quot;background_background&quot;:&quot;classic&quot;}\">\n\t\t\t\t<div class=\"elementor-element elementor-element-e759178 elementor-widget elementor-widget-heading\" data-id=\"e759178\" data-element_type=\"widget\" data-widget_type=\"heading.default\">\n\t\t\t\t<div class=\"elementor-widget-container\">\n\t\t\t\t\t<h6 class=\"elementor-heading-title elementor-size-default\">Von der Mietersuche bis zum rechtssicheren Vertrag<\/h6>\t\t\t\t<\/div>\n\t\t\t\t<\/div>\n\t\t\t\t<div class=\"elementor-element elementor-element-a0c7fd1 elementor-widget__width-inherit elementor-widget elementor-widget-heading\" data-id=\"a0c7fd1\" data-element_type=\"widget\" data-widget_type=\"heading.default\">\n\t\t\t\t<div class=\"elementor-widget-container\">\n\t\t\t\t\t<h3 class=\"elementor-heading-title elementor-size-default\">Vermietung und Vertragsmanagement<\/h3>\t\t\t\t<\/div>\n\t\t\t\t<\/div>\n\t\t\t\t<div class=\"elementor-element elementor-element-e83cd75 elementor-widget elementor-widget-text-editor\" data-id=\"e83cd75\" data-element_type=\"widget\" data-widget_type=\"text-editor.default\">\n\t\t\t\t<div class=\"elementor-widget-container\">\n\t\t\t\t\t\t\t\t\t<p data-start=\"169\" data-end=\"582\">Eine erfolgreiche Vermietung beginnt nicht erst mit dem Vertragsabschluss \u2013 sie beginnt mit der sorgf\u00e4ltigen Auswahl geeigneter Mieter und endet erst dann, wenn ein neues Mietverh\u00e4ltnis reibungslos gestartet ist. Als erfahrene Hausverwaltung \u00fcbernehmen wir f\u00fcr Sie den gesamten Vermietungsprozess von Anfang bis Ende \u2013 kompetent, rechtssicher und mit einem klaren Blick f\u00fcr Wirtschaftlichkeit und Verl\u00e4sslichkeit.<\/p><p data-start=\"584\" data-end=\"1064\">Zu Beginn erstellen wir ein professionelles Expos\u00e9, das Ihre Immobilie ansprechend und informativ pr\u00e4sentiert. Wir \u00fcbernehmen die Koordination von Besichtigungsterminen und f\u00fchren auf Wunsch auch die Besichtigungen selbst durch \u2013 selbstverst\u00e4ndlich unter Ber\u00fccksichtigung der Interessen der aktuellen Mieter oder Eigent\u00fcmer. Potenzielle Mietparteien werden von uns sorgf\u00e4ltig gepr\u00fcft, insbesondere im Hinblick auf Bonit\u00e4t, Zahlungszuverl\u00e4ssigkeit und Passung zur Hausgemeinschaft.<\/p>\t\t\t\t\t\t\t\t<\/div>\n\t\t\t\t<\/div>\n\t\t\t\t<\/div>\n\t\t<div class=\"elementor-element elementor-element-6093ab7 e-flex e-con-boxed e-con e-parent\" data-id=\"6093ab7\" data-element_type=\"container\">\n\t\t\t\t\t<div class=\"e-con-inner\">\n\t\t<div class=\"elementor-element elementor-element-217c6a3 e-con-full e-flex e-con e-child\" data-id=\"217c6a3\" data-element_type=\"container\" data-settings=\"{&quot;background_background&quot;:&quot;classic&quot;}\">\n\t\t\t\t<div class=\"elementor-element elementor-element-8eb3439 elementor-widget elementor-widget-text-editor\" data-id=\"8eb3439\" data-element_type=\"widget\" data-widget_type=\"text-editor.default\">\n\t\t\t\t<div class=\"elementor-widget-container\">\n\t\t\t\t\t\t\t\t\t<p data-start=\"1066\" data-end=\"1407\">Ist ein geeigneter Mieter gefunden, erstellen wir einen rechtssicheren Mietvertrag, der alle individuellen Vereinbarungen sowie die gesetzlichen Anforderungen ber\u00fccksichtigt. Die \u00dcbergabe der Wohnung erfolgt anschlie\u00dfend durch uns \u2013 dokumentiert mit einem ausf\u00fchrlichen Protokoll, das den Zustand der Mietr\u00e4ume bei Einzug eindeutig festh\u00e4lt.<\/p><p data-start=\"1409\" data-end=\"1850\" data-is-last-node=\"\" data-is-only-node=\"\">Auch nach der Vermietung bleiben wir aktiv: Wir beantworten Anfragen von Interessenten oder Mietern, \u00fcberwachen Fristen und organisieren fr\u00fchzeitig alle Schritte im Zusammenhang mit K\u00fcndigungen, Nachvermietung oder Vertrags\u00e4nderungen. Durch unsere strukturierte Vorgehensweise vermeiden wir Leerst\u00e4nde, optimieren den Verwaltungsaufwand und sichern langfristig die Rentabilit\u00e4t Ihrer Immobilie \u2013 damit Sie sich entspannt zur\u00fccklehnen k\u00f6nnen.<\/p>\t\t\t\t\t\t\t\t<\/div>\n\t\t\t\t<\/div>\n\t\t\t\t<\/div>\n\t\t<div class=\"elementor-element elementor-element-54e0a9f e-con-full elementor-hidden-mobile e-flex e-con e-child\" data-id=\"54e0a9f\" data-element_type=\"container\" data-settings=\"{&quot;background_background&quot;:&quot;classic&quot;}\">\n\t\t\t\t<\/div>\n\t\t\t\t\t<\/div>\n\t\t\t\t<\/div>\n\t\t<div class=\"elementor-element elementor-element-ae3898f e-con-full e-flex e-con e-parent\" data-id=\"ae3898f\" data-element_type=\"container\" data-settings=\"{&quot;background_background&quot;:&quot;classic&quot;}\">\n\t\t\t\t<\/div>\n\t\t<div class=\"elementor-element elementor-element-4277c1e e-con-full e-flex e-con e-child\" data-id=\"4277c1e\" data-element_type=\"container\" data-settings=\"{&quot;background_background&quot;:&quot;classic&quot;}\">\n\t\t\t\t<div class=\"elementor-element elementor-element-b0a55d5 elementor-widget elementor-widget-heading\" data-id=\"b0a55d5\" data-element_type=\"widget\" data-widget_type=\"heading.default\">\n\t\t\t\t<div class=\"elementor-widget-container\">\n\t\t\t\t\t<h6 class=\"elementor-heading-title elementor-size-default\">Zahlungs\u00fcberwachung, Abrechnung und transparentes Reporting<\/h6>\t\t\t\t<\/div>\n\t\t\t\t<\/div>\n\t\t\t\t<div class=\"elementor-element elementor-element-c5a5ac6 elementor-widget__width-inherit elementor-widget elementor-widget-heading\" data-id=\"c5a5ac6\" data-element_type=\"widget\" data-widget_type=\"heading.default\">\n\t\t\t\t<div class=\"elementor-widget-container\">\n\t\t\t\t\t<h3 class=\"elementor-heading-title elementor-size-default\">Kaufm\u00e4nnische Verwaltung<\/h3>\t\t\t\t<\/div>\n\t\t\t\t<\/div>\n\t\t\t\t<\/div>\n\t\t<div class=\"elementor-element elementor-element-8dcde68 e-flex e-con-boxed e-con e-parent\" data-id=\"8dcde68\" data-element_type=\"container\">\n\t\t\t\t\t<div class=\"e-con-inner\">\n\t\t<div class=\"elementor-element elementor-element-3e40d39 e-con-full e-flex e-con e-child\" data-id=\"3e40d39\" data-element_type=\"container\" data-settings=\"{&quot;background_background&quot;:&quot;classic&quot;}\">\n\t\t\t\t<\/div>\n\t\t<div class=\"elementor-element elementor-element-fce1f76 e-con-full e-flex e-con e-child\" data-id=\"fce1f76\" data-element_type=\"container\" data-settings=\"{&quot;background_background&quot;:&quot;classic&quot;}\">\n\t\t\t\t<div class=\"elementor-element elementor-element-0f68e2f elementor-widget elementor-widget-text-editor\" data-id=\"0f68e2f\" data-element_type=\"widget\" data-widget_type=\"text-editor.default\">\n\t\t\t\t<div class=\"elementor-widget-container\">\n\t\t\t\t\t\t\t\t\t<p data-start=\"197\" data-end=\"858\">Die kaufm\u00e4nnische Verwaltung ist ein zentraler Bestandteil unserer Dienstleistungen \u2013 hier geht es um die finanzielle Steuerung, \u00dcberwachung und Dokumentation aller mit Ihrer Immobilie verbundenen Einnahmen und Ausgaben. Wir sorgen f\u00fcr die l\u00fcckenlose \u00dcberwachung s\u00e4mtlicher Zahlungseing\u00e4nge und \u00fcbernehmen das gesamte Mietinkasso \u2013 p\u00fcnktlich, zuverl\u00e4ssig und digital dokumentiert. Bleiben Mietzahlungen aus, greifen wir unverz\u00fcglich ein: Unser systematisiertes Mahnwesen stellt sicher, dass s\u00e4umige Zahler rechtssicher erinnert und alle erforderlichen Schritte eingeleitet werden. Dabei agieren wir immer mit Augenma\u00df \u2013 aber konsequent im Sinne des Eigent\u00fcmers.<\/p><p data-start=\"860\" data-end=\"1182\">Auch die Anpassung von Mieten auf Grundlage vertraglicher Regelungen \u2013 etwa durch Staffel- oder Indexmietvereinbarungen \u2013 wird von uns fristgerecht gepr\u00fcft und umgesetzt. Die Verwaltung der Mietkautionen erfolgt selbstverst\u00e4ndlich gem\u00e4\u00df \u00a7\u202f551 BGB, inklusive verzinsungskonformer Verwahrung und vollst\u00e4ndiger Dokumentation.<\/p>\t\t\t\t\t\t\t\t<\/div>\n\t\t\t\t<\/div>\n\t\t\t\t<\/div>\n\t\t\t\t\t<\/div>\n\t\t\t\t<\/div>\n\t\t<div class=\"elementor-element elementor-element-3900c8c e-con-full e-flex e-con e-child\" data-id=\"3900c8c\" data-element_type=\"container\" data-settings=\"{&quot;background_background&quot;:&quot;classic&quot;}\">\n\t\t\t\t<div class=\"elementor-element elementor-element-99d7715 elementor-widget elementor-widget-text-editor\" data-id=\"99d7715\" data-element_type=\"widget\" data-widget_type=\"text-editor.default\">\n\t\t\t\t<div class=\"elementor-widget-container\">\n\t\t\t\t\t\t\t\t\t<p data-start=\"1184\" data-end=\"1656\">Ein weiterer Kernbereich unserer Arbeit ist die Erstellung der j\u00e4hrlichen Betriebskostenabrechnungen. Hierbei erfassen und pr\u00fcfen wir alle umlagef\u00e4higen Kosten, weisen sie den jeweiligen Mietparteien korrekt zu und sorgen f\u00fcr eine nachvollziehbare, rechtssichere Aufstellung. Zus\u00e4tzlich erhalten Sie als Eigent\u00fcmer auf Wunsch ein monatliches oder quartalsweises Reporting \u00fcber den wirtschaftlichen Stand Ihrer Immobilie \u2013 vollst\u00e4ndig, verst\u00e4ndlich und digital aufbereitet.<\/p><p data-start=\"1658\" data-end=\"2036\" data-is-last-node=\"\" data-is-only-node=\"\">Bei komplexen Sachverhalten \u2013 etwa steuerlichen Sonderf\u00e4llen oder rechtlichen Streitigkeiten \u2013 arbeiten wir eng mit Steuerberatern und Fachanw\u00e4lten zusammen, um Ihre Interessen auch in anspruchsvollen Situationen bestm\u00f6glich zu wahren. So k\u00f6nnen Sie sich jederzeit auf eine belastbare kaufm\u00e4nnische Verwaltung verlassen \u2013 mit klaren Zahlen, kurzen Wegen und langfristigem Blick.<\/p>\t\t\t\t\t\t\t\t<\/div>\n\t\t\t\t<\/div>\n\t\t\t\t<\/div>\n\t\t<div class=\"elementor-element elementor-element-889bbbe e-con-full e-flex e-con e-parent\" data-id=\"889bbbe\" data-element_type=\"container\" data-settings=\"{&quot;background_background&quot;:&quot;classic&quot;}\">\n\t\t\t\t<\/div>\n\t\t<div class=\"elementor-element elementor-element-4bf13cc e-con-full e-flex e-con e-child\" data-id=\"4bf13cc\" data-element_type=\"container\" data-settings=\"{&quot;background_background&quot;:&quot;classic&quot;}\">\n\t\t\t\t<div class=\"elementor-element elementor-element-f4dde81 elementor-widget elementor-widget-heading\" data-id=\"f4dde81\" data-element_type=\"widget\" data-widget_type=\"heading.default\">\n\t\t\t\t<div class=\"elementor-widget-container\">\n\t\t\t\t\t<h6 class=\"elementor-heading-title elementor-size-default\">Instandhaltung, Modernisierung und Werterhalt<\/h6>\t\t\t\t<\/div>\n\t\t\t\t<\/div>\n\t\t\t\t<div class=\"elementor-element elementor-element-9816da4 elementor-widget__width-inherit elementor-widget elementor-widget-heading\" data-id=\"9816da4\" data-element_type=\"widget\" data-widget_type=\"heading.default\">\n\t\t\t\t<div class=\"elementor-widget-container\">\n\t\t\t\t\t<h3 class=\"elementor-heading-title elementor-size-default\">Technische Verwaltung<\/h3>\t\t\t\t<\/div>\n\t\t\t\t<\/div>\n\t\t\t\t<div class=\"elementor-element elementor-element-5121227 elementor-widget elementor-widget-text-editor\" data-id=\"5121227\" data-element_type=\"widget\" data-widget_type=\"text-editor.default\">\n\t\t\t\t<div class=\"elementor-widget-container\">\n\t\t\t\t\t\t\t\t\t<p data-start=\"189\" data-end=\"556\">Auch im Bereich der Mietverwaltung spielt die technische Betreuung eine wesentliche Rolle \u2013 denn nur eine gepflegte, funktionst\u00fcchtige Immobilie kann dauerhaft rentabel bewirtschaftet werden und den Erwartungen der Mieter gerecht werden. Als Ihre Hausverwaltung sorgen wir daf\u00fcr, dass Ihr Objekt in einem technisch einwandfreien Zustand bleibt \u2013 heute und in Zukunft.<\/p><p data-start=\"558\" data-end=\"1010\">Regelm\u00e4\u00dfige Objektbegehungen bilden die Grundlage unserer technischen Verwaltung. Dabei kontrollieren wir systematisch den baulichen Zustand Ihrer Immobilie, identifizieren fr\u00fchzeitig m\u00f6gliche M\u00e4ngel und leiten bei Bedarf direkt die n\u00f6tigen Ma\u00dfnahmen ein. Die Organisation und \u00dcberwachung von Wartungen, Reparaturen oder auch gr\u00f6\u00dferen Modernisierungsma\u00dfnahmen erfolgt durch uns \u2013 strukturiert, kostenbewusst und eng abgestimmt mit Ihnen als Eigent\u00fcmer.<\/p>\t\t\t\t\t\t\t\t<\/div>\n\t\t\t\t<\/div>\n\t\t\t\t<\/div>\n\t\t<div class=\"elementor-element elementor-element-d8d9b05 e-flex e-con-boxed e-con e-parent\" data-id=\"d8d9b05\" data-element_type=\"container\">\n\t\t\t\t\t<div class=\"e-con-inner\">\n\t\t<div class=\"elementor-element elementor-element-85a04a4 e-con-full e-flex e-con e-child\" data-id=\"85a04a4\" data-element_type=\"container\" data-settings=\"{&quot;background_background&quot;:&quot;classic&quot;}\">\n\t\t\t\t<div class=\"elementor-element elementor-element-96b9e59 elementor-widget elementor-widget-text-editor\" data-id=\"96b9e59\" data-element_type=\"widget\" data-widget_type=\"text-editor.default\">\n\t\t\t\t<div class=\"elementor-widget-container\">\n\t\t\t\t\t\t\t\t\t<p data-start=\"1012\" data-end=\"1418\">Wir holen mehrere Handwerkerangebote ein, vergleichen Leistungen und Preise transparent und koordinieren s\u00e4mtliche Arbeiten vor Ort. Auch die Abstimmung mit Mietern, z.\u202fB. bei Wohnungsbegehungen oder Zugangsregelungen, \u00fcbernehmen wir zuverl\u00e4ssig und mit der n\u00f6tigen Sensibilit\u00e4t. Ebenso k\u00fcmmern wir uns um die fachgerechte Ausf\u00fchrung, die Kontrolle von Terminen und die vollst\u00e4ndige Abnahme der Leistungen.<\/p><p data-start=\"1420\" data-end=\"1722\">Alle technischen Ma\u00dfnahmen, ob gro\u00df oder klein, werden durch uns dokumentiert \u2013 einschlie\u00dflich Kostenaufstellung, Protokollierung und Ablage in der Verwaltungsakte. So behalten Sie jederzeit den \u00dcberblick \u00fcber den Zustand Ihrer Immobilie, die durchgef\u00fchrten Arbeiten und die damit verbundenen Ausgaben.<\/p><p data-start=\"1724\" data-end=\"2005\" data-is-last-node=\"\" data-is-only-node=\"\">Durch diese vorausschauende und professionelle Betreuung sichern wir nicht nur die <strong data-start=\"1807\" data-end=\"1860\">Funktionalit\u00e4t und Sicherheit Ihrer Mietimmobilie<\/strong>, sondern legen auch den Grundstein f\u00fcr <strong data-start=\"1900\" data-end=\"2004\">zufriedene Mieter, kalkulierbare Betriebskosten und eine nachhaltige Wertentwicklung Ihres Eigentums<\/strong>.<\/p>\t\t\t\t\t\t\t\t<\/div>\n\t\t\t\t<\/div>\n\t\t\t\t<\/div>\n\t\t<div class=\"elementor-element elementor-element-7b1d88d e-con-full e-flex e-con e-child\" data-id=\"7b1d88d\" data-element_type=\"container\" data-settings=\"{&quot;background_background&quot;:&quot;classic&quot;}\">\n\t\t\t\t<\/div>\n\t\t\t\t\t<\/div>\n\t\t\t\t<\/div>\n\t\t<div class=\"elementor-element elementor-element-ad5bf64 e-con-full e-flex e-con e-child\" data-id=\"ad5bf64\" data-element_type=\"container\" data-settings=\"{&quot;background_background&quot;:&quot;classic&quot;}\">\n\t\t\t\t<div class=\"elementor-element elementor-element-2d9ea96 elementor-widget elementor-widget-heading\" data-id=\"2d9ea96\" data-element_type=\"widget\" data-widget_type=\"heading.default\">\n\t\t\t\t<div class=\"elementor-widget-container\">\n\t\t\t\t\t<h6 class=\"elementor-heading-title elementor-size-default\">Koenemann &amp; P\u00fcttcher<\/h6>\t\t\t\t<\/div>\n\t\t\t\t<\/div>\n\t\t\t\t<div class=\"elementor-element elementor-element-47d3e01 elementor-widget__width-inherit elementor-widget elementor-widget-heading\" data-id=\"47d3e01\" data-element_type=\"widget\" data-widget_type=\"heading.default\">\n\t\t\t\t<div class=\"elementor-widget-container\">\n\t\t\t\t\t<h3 class=\"elementor-heading-title elementor-size-default\">Ihre Hausverwaltung mit Haltung, <br>Herz und Handschlagqualit\u00e4t<\/h3>\t\t\t\t<\/div>\n\t\t\t\t<\/div>\n\t\t\t\t<\/div>\n\t\t\t\t<\/div>\n\t\t","protected":false},"excerpt":{"rendered":"<p>Mietverwaltung zuverl\u00e4ssig und effizient Komplette Betreuung f\u00fcr Ihre Mietimmobilien Die Verwaltung von Mietobjekten erfordert weit mehr als nur die reine Mietabrechnung. Sie verlangt wirtschaftliches Denken, rechtliche Sicherheit, technisches Verst\u00e4ndnis und nicht zuletzt eine klare, l\u00f6sungsorientierte Kommunikation mit Mietern, Eigent\u00fcmern, Handwerkern und Beh\u00f6rden. Als erfahrene Hausverwaltung \u00fcbernehmen wir f\u00fcr Sie alle Aufgaben rund um die professionelle [&hellip;]<\/p>\n","protected":false},"author":1,"featured_media":0,"parent":0,"menu_order":0,"comment_status":"closed","ping_status":"closed","template":"","meta":{"content-type":"","footnotes":""},"class_list":["post-81","page","type-page","status-publish","hentry"],"_links":{"self":[{"href":"https:\/\/kp-hausverwaltung.de\/index.php?rest_route=\/wp\/v2\/pages\/81","targetHints":{"allow":["GET"]}}],"collection":[{"href":"https:\/\/kp-hausverwaltung.de\/index.php?rest_route=\/wp\/v2\/pages"}],"about":[{"href":"https:\/\/kp-hausverwaltung.de\/index.php?rest_route=\/wp\/v2\/types\/page"}],"author":[{"embeddable":true,"href":"https:\/\/kp-hausverwaltung.de\/index.php?rest_route=\/wp\/v2\/users\/1"}],"replies":[{"embeddable":true,"href":"https:\/\/kp-hausverwaltung.de\/index.php?rest_route=%2Fwp%2Fv2%2Fcomments&post=81"}],"version-history":[{"count":6,"href":"https:\/\/kp-hausverwaltung.de\/index.php?rest_route=\/wp\/v2\/pages\/81\/revisions"}],"predecessor-version":[{"id":199,"href":"https:\/\/kp-hausverwaltung.de\/index.php?rest_route=\/wp\/v2\/pages\/81\/revisions\/199"}],"wp:attachment":[{"href":"https:\/\/kp-hausverwaltung.de\/index.php?rest_route=%2Fwp%2Fv2%2Fmedia&parent=81"}],"curies":[{"name":"wp","href":"https:\/\/api.w.org\/{rel}","templated":true}]}}