{"id":56,"date":"2025-06-12T14:31:21","date_gmt":"2025-06-12T12:31:21","guid":{"rendered":"https:\/\/ozeztvpyef-3.meinwp.de\/?page_id=56"},"modified":"2025-07-04T13:19:43","modified_gmt":"2025-07-04T11:19:43","slug":"wir-ueber-uns","status":"publish","type":"page","link":"https:\/\/kp-hausverwaltung.de\/?page_id=56","title":{"rendered":"wir-\u00fcber-uns"},"content":{"rendered":"\t\t<div data-elementor-type=\"wp-page\" data-elementor-id=\"56\" class=\"elementor elementor-56\" data-elementor-post-type=\"page\">\n\t\t\t\t<div class=\"elementor-element elementor-element-d16407b e-con-full e-flex e-con e-parent\" data-id=\"d16407b\" data-element_type=\"container\" data-settings=\"{&quot;background_background&quot;:&quot;classic&quot;,&quot;shape_divider_bottom&quot;:&quot;tilt&quot;}\">\n\t\t\t\t<div class=\"elementor-shape elementor-shape-bottom\" aria-hidden=\"true\" data-negative=\"false\">\n\t\t\t<svg xmlns=\"http:\/\/www.w3.org\/2000\/svg\" viewBox=\"0 0 1000 100\" preserveAspectRatio=\"none\">\n\t<path class=\"elementor-shape-fill\" d=\"M0,6V0h1000v100L0,6z\"\/>\n<\/svg>\t\t<\/div>\n\t\t\t\t<div class=\"elementor-element elementor-element-1dc963b elementor-widget elementor-widget-heading\" data-id=\"1dc963b\" data-element_type=\"widget\" data-widget_type=\"heading.default\">\n\t\t\t\t<div class=\"elementor-widget-container\">\n\t\t\t\t\t<h1 class=\"elementor-heading-title elementor-size-default\">Wir \u00fcber uns<\/h1>\t\t\t\t<\/div>\n\t\t\t\t<\/div>\n\t\t\t\t<\/div>\n\t\t<div class=\"elementor-element elementor-element-244f372 e-con-full e-flex e-con e-child\" data-id=\"244f372\" data-element_type=\"container\" data-settings=\"{&quot;background_background&quot;:&quot;classic&quot;}\">\n\t\t\t\t<div class=\"elementor-element elementor-element-b1e4416 elementor-widget elementor-widget-heading\" data-id=\"b1e4416\" data-element_type=\"widget\" data-widget_type=\"heading.default\">\n\t\t\t\t<div class=\"elementor-widget-container\">\n\t\t\t\t\t<h6 class=\"elementor-heading-title elementor-size-default\">Pers\u00f6nlich. Kompetent. L\u00f6sungsorientiert.<\/h6>\t\t\t\t<\/div>\n\t\t\t\t<\/div>\n\t\t\t\t<div class=\"elementor-element elementor-element-9c38301 elementor-widget__width-inherit elementor-widget elementor-widget-heading\" data-id=\"9c38301\" data-element_type=\"widget\" data-widget_type=\"heading.default\">\n\t\t\t\t<div class=\"elementor-widget-container\">\n\t\t\t\t\t<h3 class=\"elementor-heading-title elementor-size-default\">Verwaltung mit Verantwortung<\/h3>\t\t\t\t<\/div>\n\t\t\t\t<\/div>\n\t\t\t\t<div class=\"elementor-element elementor-element-ecfcae6 elementor-widget elementor-widget-text-editor\" data-id=\"ecfcae6\" data-element_type=\"widget\" data-widget_type=\"text-editor.default\">\n\t\t\t\t<div class=\"elementor-widget-container\">\n\t\t\t\t\t\t\t\t\t<p data-start=\"302\" data-end=\"783\">Die <strong data-start=\"306\" data-end=\"350\">Koenemann &amp; P\u00fcttcher Hausverwaltung GmbH<\/strong> steht seit 2009 f\u00fcr professionelle Immobilienverwaltung mit einem klaren Fokus auf Zuverl\u00e4ssigkeit, Transparenz und pers\u00f6nliche N\u00e4he. Was einst ohne eigenen Verwaltungsbestand begann, hat sich \u00fcber die Jahre zu einem etablierten Unternehmen mit \u00fcber 800 betreuten Kunden entwickelt \u2013 in Hannover, Langenhagen, Ronnenberg, Seelze, Garbsen, Barsinghausen, Wunstorf, Pattensen, Braunschweig und vielen weiteren Regionen Niedersachsens.<\/p><p data-start=\"785\" data-end=\"1200\">Unsere Geschichte ist gepr\u00e4gt von kontinuierlichem Wachstum und Entwicklung. Nach unserer Gr\u00fcndung in Seelze f\u00fchrten uns die weiteren Stationen \u00fcber Marklohe bis an unseren heutigen Hauptsitz in Neustadt am R\u00fcbenberge. Dabei haben wir uns immer den Herausforderungen des Marktes gestellt \u2013 mit einem offenen Ohr f\u00fcr die Bed\u00fcrfnisse unserer Eigent\u00fcmer und einem klaren Blick f\u00fcr praxisnahe, funktionierende L\u00f6sungen.<\/p>\t\t\t\t\t\t\t\t<\/div>\n\t\t\t\t<\/div>\n\t\t\t\t<\/div>\n\t\t<div class=\"elementor-element elementor-element-cff19ad e-con-full e-flex e-con e-parent\" data-id=\"cff19ad\" data-element_type=\"container\" data-settings=\"{&quot;background_background&quot;:&quot;classic&quot;}\">\n\t\t\t\t<\/div>\n\t\t<div class=\"elementor-element elementor-element-cc0b5a1 e-con-full e-flex e-con e-child\" data-id=\"cc0b5a1\" data-element_type=\"container\" data-settings=\"{&quot;background_background&quot;:&quot;classic&quot;}\">\n\t\t\t\t<div class=\"elementor-element elementor-element-e759178 elementor-widget elementor-widget-heading\" data-id=\"e759178\" data-element_type=\"widget\" data-widget_type=\"heading.default\">\n\t\t\t\t<div class=\"elementor-widget-container\">\n\t\t\t\t\t<h6 class=\"elementor-heading-title elementor-size-default\">Fachlich stark \u2013 rechtlich sicher \u2013 immer auf dem neuesten Stand<\/h6>\t\t\t\t<\/div>\n\t\t\t\t<\/div>\n\t\t\t\t<div class=\"elementor-element elementor-element-a0c7fd1 elementor-widget__width-inherit elementor-widget elementor-widget-heading\" data-id=\"a0c7fd1\" data-element_type=\"widget\" data-widget_type=\"heading.default\">\n\t\t\t\t<div class=\"elementor-widget-container\">\n\t\t\t\t\t<h3 class=\"elementor-heading-title elementor-size-default\">Verwaltung mit Weitblick und pers\u00f6nlichem Einsatz<\/h3>\t\t\t\t<\/div>\n\t\t\t\t<\/div>\n\t\t\t\t<div class=\"elementor-element elementor-element-e83cd75 elementor-widget elementor-widget-text-editor\" data-id=\"e83cd75\" data-element_type=\"widget\" data-widget_type=\"text-editor.default\">\n\t\t\t\t<div class=\"elementor-widget-container\">\n\t\t\t\t\t\t\t\t\t<p data-start=\"1202\" data-end=\"1595\">Unser Kerngesch\u00e4ft liegt in der Verwaltung von Wohnungseigent\u00fcmergemeinschaften (WEG), erg\u00e4nzt durch die Mietverwaltung und die Verwaltung von Sondereigentum. Was uns auszeichnet, ist nicht nur fachliche Kompetenz, sondern vor allem unsere Haltung: Wir arbeiten partnerschaftlich, direkt und l\u00f6sungsorientiert. Wenn etwas \u201ebrennt\u201c, sind wir erreichbar \u2013 ohne Umwege, ohne b\u00fcrokratische H\u00fcrden.<\/p><p data-start=\"1597\" data-end=\"2032\">Als Mitglied im <strong data-start=\"1613\" data-end=\"1672\">Verband der Immobilienverwalter Deutschland e.V. (VDIV)<\/strong> und zertifiziert nach \u00a7\u202f26a Abs.\u202f1 WEG erf\u00fcllen wir selbstverst\u00e4ndlich alle gesetzlichen Anforderungen. Wir wissen aber auch: Stillstand ist R\u00fcckschritt. Deshalb setzen wir auf kontinuierliche Weiterbildung und investieren gezielt in unser Wissen \u2013 um auch bei sich ver\u00e4ndernden rechtlichen Rahmenbedingungen rechtssicher und vorausschauend handeln zu k\u00f6nnen.<\/p>\t\t\t\t\t\t\t\t<\/div>\n\t\t\t\t<\/div>\n\t\t\t\t<\/div>\n\t\t<div class=\"elementor-element elementor-element-ae3898f e-con-full e-flex e-con e-parent\" data-id=\"ae3898f\" data-element_type=\"container\" data-settings=\"{&quot;background_background&quot;:&quot;classic&quot;}\">\n\t\t\t\t<\/div>\n\t\t<div class=\"elementor-element elementor-element-4277c1e e-con-full e-flex e-con e-child\" data-id=\"4277c1e\" data-element_type=\"container\" data-settings=\"{&quot;background_background&quot;:&quot;classic&quot;}\">\n\t\t\t\t<div class=\"elementor-element elementor-element-b0a55d5 elementor-widget elementor-widget-heading\" data-id=\"b0a55d5\" data-element_type=\"widget\" data-widget_type=\"heading.default\">\n\t\t\t\t<div class=\"elementor-widget-container\">\n\t\t\t\t\t<h6 class=\"elementor-heading-title elementor-size-default\">Ein starkes Team \u2013 f\u00fcr starke Leistungen<\/h6>\t\t\t\t<\/div>\n\t\t\t\t<\/div>\n\t\t\t\t<div class=\"elementor-element elementor-element-c5a5ac6 elementor-widget__width-inherit elementor-widget elementor-widget-heading\" data-id=\"c5a5ac6\" data-element_type=\"widget\" data-widget_type=\"heading.default\">\n\t\t\t\t<div class=\"elementor-widget-container\">\n\t\t\t\t\t<h3 class=\"elementor-heading-title elementor-size-default\">Zufriedenheit ist unser Ma\u00dfstab<\/h3>\t\t\t\t<\/div>\n\t\t\t\t<\/div>\n\t\t\t\t<\/div>\n\t\t<div class=\"elementor-element elementor-element-8dcde68 e-flex e-con-boxed e-con e-parent\" data-id=\"8dcde68\" data-element_type=\"container\">\n\t\t\t\t\t<div class=\"e-con-inner\">\n\t\t<div class=\"elementor-element elementor-element-3e40d39 e-con-full e-flex e-con e-child\" data-id=\"3e40d39\" data-element_type=\"container\" data-settings=\"{&quot;background_background&quot;:&quot;classic&quot;}\">\n\t\t\t\t<\/div>\n\t\t<div class=\"elementor-element elementor-element-fce1f76 e-con-full e-flex e-con e-child\" data-id=\"fce1f76\" data-element_type=\"container\" data-settings=\"{&quot;background_background&quot;:&quot;classic&quot;}\">\n\t\t\t\t<div class=\"elementor-element elementor-element-0f68e2f elementor-widget elementor-widget-text-editor\" data-id=\"0f68e2f\" data-element_type=\"widget\" data-widget_type=\"text-editor.default\">\n\t\t\t\t<div class=\"elementor-widget-container\">\n\t\t\t\t\t\t\t\t\t<p data-start=\"181\" data-end=\"524\">Trotz stetigem Wachstum und immer neuer Herausforderungen bleibt unser wichtigster Kompass die Zufriedenheit unserer Kunden \u2013 und unserer Mitarbeiter. Denn Verwaltung ist f\u00fcr uns mehr als das blo\u00dfe Abarbeiten von Aufgaben: Es ist ein vertrauensvolles Miteinander, gepr\u00e4gt von Verl\u00e4sslichkeit, Kommunikation auf Augenh\u00f6he und echtem Engagement.<\/p><p data-start=\"526\" data-end=\"838\">Wir sind davon \u00fcberzeugt, dass eine gute Zusammenarbeit nur dann gelingt, wenn auch das Team hinter den Kulissen motiviert, wertgesch\u00e4tzt und mit Freude bei der Arbeit ist. Deshalb pflegen wir eine offene Unternehmenskultur, in der Verantwortung getragen, Ideen eingebracht und Erfolge gemeinsam gefeiert werden.<\/p><p data-start=\"840\" data-end=\"1103\" data-is-last-node=\"\" data-is-only-node=\"\">Erfolg bedeutet f\u00fcr uns nicht nur wirtschaftliche Stabilit\u00e4t, sondern auch Menschlichkeit, Begeisterung und Professionalit\u00e4t im t\u00e4glichen Tun. Genau das sp\u00fcren auch unsere Kunden \u2013 und das ist es, was uns als <strong data-start=\"1049\" data-end=\"1093\">Koenemann &amp; P\u00fcttcher Hausverwaltung GmbH<\/strong> ausmacht.<\/p>\t\t\t\t\t\t\t\t<\/div>\n\t\t\t\t<\/div>\n\t\t\t\t<\/div>\n\t\t\t\t\t<\/div>\n\t\t\t\t<\/div>\n\t\t<div class=\"elementor-element elementor-element-ad5bf64 e-con-full e-flex e-con e-child\" data-id=\"ad5bf64\" data-element_type=\"container\" data-settings=\"{&quot;background_background&quot;:&quot;classic&quot;}\">\n\t\t\t\t<div class=\"elementor-element elementor-element-2d9ea96 elementor-widget elementor-widget-heading\" data-id=\"2d9ea96\" data-element_type=\"widget\" data-widget_type=\"heading.default\">\n\t\t\t\t<div class=\"elementor-widget-container\">\n\t\t\t\t\t<h6 class=\"elementor-heading-title elementor-size-default\">Koenemann &amp; P\u00fcttcher<\/h6>\t\t\t\t<\/div>\n\t\t\t\t<\/div>\n\t\t\t\t<div class=\"elementor-element elementor-element-47d3e01 elementor-widget__width-inherit elementor-widget elementor-widget-heading\" data-id=\"47d3e01\" data-element_type=\"widget\" data-widget_type=\"heading.default\">\n\t\t\t\t<div class=\"elementor-widget-container\">\n\t\t\t\t\t<h3 class=\"elementor-heading-title elementor-size-default\">Ihre Hausverwaltung mit Haltung, <br>Herz und Handschlagqualit\u00e4t<\/h3>\t\t\t\t<\/div>\n\t\t\t\t<\/div>\n\t\t\t\t<\/div>\n\t\t\t\t<\/div>\n\t\t","protected":false},"excerpt":{"rendered":"<p>Wir \u00fcber uns Pers\u00f6nlich. Kompetent. L\u00f6sungsorientiert. Verwaltung mit Verantwortung Die Koenemann &amp; P\u00fcttcher Hausverwaltung GmbH steht seit 2009 f\u00fcr professionelle Immobilienverwaltung mit einem klaren Fokus auf Zuverl\u00e4ssigkeit, Transparenz und pers\u00f6nliche N\u00e4he. Was einst ohne eigenen Verwaltungsbestand begann, hat sich \u00fcber die Jahre zu einem etablierten Unternehmen mit \u00fcber 800 betreuten Kunden entwickelt \u2013 in Hannover, [&hellip;]<\/p>\n","protected":false},"author":1,"featured_media":0,"parent":0,"menu_order":0,"comment_status":"closed","ping_status":"closed","template":"","meta":{"content-type":"","footnotes":""},"class_list":["post-56","page","type-page","status-publish","hentry"],"_links":{"self":[{"href":"https:\/\/kp-hausverwaltung.de\/index.php?rest_route=\/wp\/v2\/pages\/56","targetHints":{"allow":["GET"]}}],"collection":[{"href":"https:\/\/kp-hausverwaltung.de\/index.php?rest_route=\/wp\/v2\/pages"}],"about":[{"href":"https:\/\/kp-hausverwaltung.de\/index.php?rest_route=\/wp\/v2\/types\/page"}],"author":[{"embeddable":true,"href":"https:\/\/kp-hausverwaltung.de\/index.php?rest_route=\/wp\/v2\/users\/1"}],"replies":[{"embeddable":true,"href":"https:\/\/kp-hausverwaltung.de\/index.php?rest_route=%2Fwp%2Fv2%2Fcomments&post=56"}],"version-history":[{"count":9,"href":"https:\/\/kp-hausverwaltung.de\/index.php?rest_route=\/wp\/v2\/pages\/56\/revisions"}],"predecessor-version":[{"id":211,"href":"https:\/\/kp-hausverwaltung.de\/index.php?rest_route=\/wp\/v2\/pages\/56\/revisions\/211"}],"wp:attachment":[{"href":"https:\/\/kp-hausverwaltung.de\/index.php?rest_route=%2Fwp%2Fv2%2Fmedia&parent=56"}],"curies":[{"name":"wp","href":"https:\/\/api.w.org\/{rel}","templated":true}]}}