{"id":45,"date":"2025-06-12T13:58:10","date_gmt":"2025-06-12T11:58:10","guid":{"rendered":"https:\/\/ozeztvpyef-3.meinwp.de\/?page_id=45"},"modified":"2025-07-04T13:09:06","modified_gmt":"2025-07-04T11:09:06","slug":"agb","status":"publish","type":"page","link":"https:\/\/kp-hausverwaltung.de\/?page_id=45","title":{"rendered":"AGB"},"content":{"rendered":"\t\t<div data-elementor-type=\"wp-page\" data-elementor-id=\"45\" class=\"elementor elementor-45\" data-elementor-post-type=\"page\">\n\t\t\t\t<div class=\"elementor-element elementor-element-d16407b e-con-full e-flex e-con e-parent\" data-id=\"d16407b\" data-element_type=\"container\" data-settings=\"{&quot;background_background&quot;:&quot;classic&quot;,&quot;shape_divider_bottom&quot;:&quot;tilt&quot;}\">\n\t\t\t\t<div class=\"elementor-shape elementor-shape-bottom\" aria-hidden=\"true\" data-negative=\"false\">\n\t\t\t<svg xmlns=\"http:\/\/www.w3.org\/2000\/svg\" viewBox=\"0 0 1000 100\" preserveAspectRatio=\"none\">\n\t<path class=\"elementor-shape-fill\" d=\"M0,6V0h1000v100L0,6z\"\/>\n<\/svg>\t\t<\/div>\n\t\t\t\t<div class=\"elementor-element elementor-element-1dc963b elementor-widget elementor-widget-heading\" data-id=\"1dc963b\" data-element_type=\"widget\" data-widget_type=\"heading.default\">\n\t\t\t\t<div class=\"elementor-widget-container\">\n\t\t\t\t\t<h1 class=\"elementor-heading-title elementor-size-default\">Allgemeine Gesch\u00e4ftsbedingungen<br> (AGB)<\/h1>\t\t\t\t<\/div>\n\t\t\t\t<\/div>\n\t\t\t\t<\/div>\n\t\t<div class=\"elementor-element elementor-element-244f372 e-con-full e-flex e-con e-child\" data-id=\"244f372\" data-element_type=\"container\" data-settings=\"{&quot;background_background&quot;:&quot;classic&quot;}\">\n\t\t\t\t<div class=\"elementor-element elementor-element-b1e4416 elementor-widget elementor-widget-heading\" data-id=\"b1e4416\" data-element_type=\"widget\" data-widget_type=\"heading.default\">\n\t\t\t\t<div class=\"elementor-widget-container\">\n\t\t\t\t\t<h6 class=\"elementor-heading-title elementor-size-default\">Transparenz und Verl\u00e4sslichkeit im Miet- und Verwaltungsalltag<\/h6>\t\t\t\t<\/div>\n\t\t\t\t<\/div>\n\t\t\t\t<div class=\"elementor-element elementor-element-9c38301 elementor-widget__width-inherit elementor-widget elementor-widget-heading\" data-id=\"9c38301\" data-element_type=\"widget\" data-widget_type=\"heading.default\">\n\t\t\t\t<div class=\"elementor-widget-container\">\n\t\t\t\t\t<h3 class=\"elementor-heading-title elementor-size-default\">Verbindliche Regelungen f\u00fcr unsere Dienstleistungen<\/h3>\t\t\t\t<\/div>\n\t\t\t\t<\/div>\n\t\t\t\t<div class=\"elementor-element elementor-element-ecfcae6 elementor-widget elementor-widget-text-editor\" data-id=\"ecfcae6\" data-element_type=\"widget\" data-widget_type=\"text-editor.default\">\n\t\t\t\t<div class=\"elementor-widget-container\">\n\t\t\t\t\t\t\t\t\t<p>Unsere Allgemeinen Gesch\u00e4ftsbedingungen bilden die Grundlage f\u00fcr eine faire und transparente Zusammenarbeit mit Eigent\u00fcmern, Mietern und Gesch\u00e4ftspartnern. Sie regeln die Rahmenbedingungen f\u00fcr unsere Leistungen im Bereich der Haus- und Immobilienverwaltung. Mit der Nutzung unserer Angebote und Dienste erkennen Sie diese Bedingungen an. Sollten Sie Fragen zu einzelnen Punkten haben, sprechen Sie uns bitte direkt an \u2013 wir stehen Ihnen gerne zur Verf\u00fcgung.<\/p>\t\t\t\t\t\t\t\t<\/div>\n\t\t\t\t<\/div>\n\t\t\t\t<div class=\"elementor-element elementor-element-d127964 elementor-widget elementor-widget-text-editor\" data-id=\"d127964\" data-element_type=\"widget\" data-widget_type=\"text-editor.default\">\n\t\t\t\t<div class=\"elementor-widget-container\">\n\t\t\t\t\t\t\t\t\t<p><strong>Allgemeine Gesch\u00e4ftsbedingungen (AGB)<\/strong><\/p><p><strong>Koenemann &amp; P\u00fcttcher Hausverwaltung GmbH<\/strong><\/p><ol><li><strong> Allgemeines<\/strong> Diese Allgemeinen Gesch\u00e4ftsbedingungen (AGB) gelten f\u00fcr alle Vertr\u00e4ge, Lieferungen und sonstigen Leistungen der Koenemann &amp; P\u00fcttcher Hausverwaltung GmbH, Alt Helstorf 8, 31535 Neustadt (nachfolgend \u201ewir\u201c oder \u201euns\u201c genannt).<\/li><li><strong> Vertragsabschluss<\/strong> Der Vertrag zwischen uns und dem Kunden kommt durch die Annahme eines Angebots oder durch schriftliche Best\u00e4tigung zustande.<\/li><li><strong> Leistungen<\/strong> Unsere Dienstleistungen umfassen die Verwaltung von Immobilien, einschlie\u00dflich der Mietverwaltung, Instandhaltung und Abrechnung. Die genauen Leistungen werden im individuellen Vertrag festgelegt.<\/li><li><strong> Preise und Zahlungsbedingungen<\/strong> Die Preise f\u00fcr unsere Dienstleistungen werden im Vertrag festgelegt. Zahlungen sind sofort nach Rechnungsstellung, sp\u00e4testens aber, innerhalb von 30 Tagen nach Rechnungsstellung ohne Abzug f\u00e4llig.<\/li><li><strong> Haftung<\/strong> Wir haften nur f\u00fcr Sch\u00e4den, die auf grobe Fahrl\u00e4ssigkeit oder Vorsatz zur\u00fcckzuf\u00fchren sind. F\u00fcr leichte Fahrl\u00e4ssigkeit haften wir nur bei Verletzung wesentlicher Vertragspflichten.<\/li><li><strong> Datenschutz<\/strong> Wir verpflichten uns, die Datenschutzbestimmungen einzuhalten. Weitere Informationen finden Sie in unserer Datenschutzerkl\u00e4rung.<\/li><li><strong> Schlussbestimmungen<\/strong> \u00c4nderungen und Erg\u00e4nzungen dieser AGB bed\u00fcrfen der Schriftform. Sollte eine Bestimmung dieser AGB unwirksam sein, so bleibt die Wirksamkeit der \u00fcbrigen Bestimmungen unber\u00fchrt.<\/li><\/ol>\t\t\t\t\t\t\t\t<\/div>\n\t\t\t\t<\/div>\n\t\t\t\t<\/div>\n\t\t\t\t<\/div>\n\t\t","protected":false},"excerpt":{"rendered":"<p>Allgemeine Gesch\u00e4ftsbedingungen (AGB) Transparenz und Verl\u00e4sslichkeit im Miet- und Verwaltungsalltag Verbindliche Regelungen f\u00fcr unsere Dienstleistungen Unsere Allgemeinen Gesch\u00e4ftsbedingungen bilden die Grundlage f\u00fcr eine faire und transparente Zusammenarbeit mit Eigent\u00fcmern, Mietern und Gesch\u00e4ftspartnern. Sie regeln die Rahmenbedingungen f\u00fcr unsere Leistungen im Bereich der Haus- und Immobilienverwaltung. Mit der Nutzung unserer Angebote und Dienste erkennen Sie diese [&hellip;]<\/p>\n","protected":false},"author":1,"featured_media":0,"parent":0,"menu_order":0,"comment_status":"closed","ping_status":"closed","template":"","meta":{"content-type":"","footnotes":""},"class_list":["post-45","page","type-page","status-publish","hentry"],"_links":{"self":[{"href":"https:\/\/kp-hausverwaltung.de\/index.php?rest_route=\/wp\/v2\/pages\/45","targetHints":{"allow":["GET"]}}],"collection":[{"href":"https:\/\/kp-hausverwaltung.de\/index.php?rest_route=\/wp\/v2\/pages"}],"about":[{"href":"https:\/\/kp-hausverwaltung.de\/index.php?rest_route=\/wp\/v2\/types\/page"}],"author":[{"embeddable":true,"href":"https:\/\/kp-hausverwaltung.de\/index.php?rest_route=\/wp\/v2\/users\/1"}],"replies":[{"embeddable":true,"href":"https:\/\/kp-hausverwaltung.de\/index.php?rest_route=%2Fwp%2Fv2%2Fcomments&post=45"}],"version-history":[{"count":6,"href":"https:\/\/kp-hausverwaltung.de\/index.php?rest_route=\/wp\/v2\/pages\/45\/revisions"}],"predecessor-version":[{"id":189,"href":"https:\/\/kp-hausverwaltung.de\/index.php?rest_route=\/wp\/v2\/pages\/45\/revisions\/189"}],"wp:attachment":[{"href":"https:\/\/kp-hausverwaltung.de\/index.php?rest_route=%2Fwp%2Fv2%2Fmedia&parent=45"}],"curies":[{"name":"wp","href":"https:\/\/api.w.org\/{rel}","templated":true}]}}