{"id":38,"date":"2025-06-12T13:49:37","date_gmt":"2025-06-12T11:49:37","guid":{"rendered":"https:\/\/ozeztvpyef-3.meinwp.de\/?page_id=38"},"modified":"2025-07-04T12:17:25","modified_gmt":"2025-07-04T10:17:25","slug":"impressum","status":"publish","type":"page","link":"https:\/\/kp-hausverwaltung.de\/?page_id=38","title":{"rendered":"Impressum"},"content":{"rendered":"\t\t<div data-elementor-type=\"wp-page\" data-elementor-id=\"38\" class=\"elementor elementor-38\" data-elementor-post-type=\"page\">\n\t\t\t\t<div class=\"elementor-element elementor-element-d16407b e-con-full e-flex e-con e-parent\" data-id=\"d16407b\" data-element_type=\"container\" data-settings=\"{&quot;background_background&quot;:&quot;classic&quot;,&quot;shape_divider_bottom&quot;:&quot;tilt&quot;}\">\n\t\t\t\t<div class=\"elementor-shape elementor-shape-bottom\" aria-hidden=\"true\" data-negative=\"false\">\n\t\t\t<svg xmlns=\"http:\/\/www.w3.org\/2000\/svg\" viewBox=\"0 0 1000 100\" preserveAspectRatio=\"none\">\n\t<path class=\"elementor-shape-fill\" d=\"M0,6V0h1000v100L0,6z\"\/>\n<\/svg>\t\t<\/div>\n\t\t\t\t<div class=\"elementor-element elementor-element-1dc963b elementor-widget elementor-widget-heading\" data-id=\"1dc963b\" data-element_type=\"widget\" data-widget_type=\"heading.default\">\n\t\t\t\t<div class=\"elementor-widget-container\">\n\t\t\t\t\t<h1 class=\"elementor-heading-title elementor-size-default\">Impressum<\/h1>\t\t\t\t<\/div>\n\t\t\t\t<\/div>\n\t\t\t\t<\/div>\n\t\t<div class=\"elementor-element elementor-element-244f372 e-con-full e-flex e-con e-child\" data-id=\"244f372\" data-element_type=\"container\" data-settings=\"{&quot;background_background&quot;:&quot;classic&quot;}\">\n\t\t\t\t<div class=\"elementor-element elementor-element-9c38301 elementor-widget__width-inherit elementor-widget elementor-widget-heading\" data-id=\"9c38301\" data-element_type=\"widget\" data-widget_type=\"heading.default\">\n\t\t\t\t<div class=\"elementor-widget-container\">\n\t\t\t\t\t<h3 class=\"elementor-heading-title elementor-size-default\">Impressum der <br>Koenemann &amp; P\u00fcttcher Hausverwaltung<\/h3>\t\t\t\t<\/div>\n\t\t\t\t<\/div>\n\t\t\t\t<div class=\"elementor-element elementor-element-ecfcae6 elementor-widget elementor-widget-text-editor\" data-id=\"ecfcae6\" data-element_type=\"widget\" data-widget_type=\"text-editor.default\">\n\t\t\t\t<div class=\"elementor-widget-container\">\n\t\t\t\t\t\t\t\t\t<p>Als verantwortungsbewusstes Unternehmen legen wir gro\u00dfen Wert auf rechtliche Transparenz. Nachfolgend finden Sie die gesetzlich vorgeschriebenen Angaben zum Diensteanbieter dieser Website gem\u00e4\u00df \u00a7\u202f5 Telemediengesetz (TMG).<br data-start=\"425\" data-end=\"428\" \/>Dieses Impressum gilt f\u00fcr alle Onlineangebote der <strong data-start=\"478\" data-end=\"517\">Koenemann &amp; P\u00fcttcher Hausverwaltung GmbH<\/strong>, auf denen auf diese Seite verwiesen wird. Bei R\u00fcckfragen zu rechtlichen Inhalten oder zur Website selbst stehen wir Ihnen selbstverst\u00e4ndlich gerne zur Verf\u00fcgung.<\/p>\t\t\t\t\t\t\t\t<\/div>\n\t\t\t\t<\/div>\n\t\t\t\t<\/div>\n\t\t<div class=\"elementor-element elementor-element-d29d863 e-con-full e-flex e-con e-parent\" data-id=\"d29d863\" data-element_type=\"container\">\n\t\t<div class=\"elementor-element elementor-element-7b612cf e-con-full e-flex e-con e-child\" data-id=\"7b612cf\" data-element_type=\"container\" data-settings=\"{&quot;background_background&quot;:&quot;classic&quot;}\">\n\t\t\t\t<div class=\"elementor-element elementor-element-128349c elementor-widget elementor-widget-text-editor\" data-id=\"128349c\" data-element_type=\"widget\" data-widget_type=\"text-editor.default\">\n\t\t\t\t<div class=\"elementor-widget-container\">\n\t\t\t\t\t\t\t\t\t<p data-start=\"266\" data-end=\"288\">Angaben gem\u00e4\u00df \u00a7\u202f5 TMG:<\/p><p data-start=\"290\" data-end=\"398\"><strong data-start=\"290\" data-end=\"334\">Koenemann &amp; P\u00fcttcher Hausverwaltung GmbH<\/strong><br data-start=\"334\" data-end=\"337\" \/>Alt Helstorf 8<br data-start=\"351\" data-end=\"354\" \/>31535 Neustadt am R\u00fcbenberge<br data-start=\"382\" data-end=\"385\" \/>Deutschland<\/p><p data-start=\"400\" data-end=\"614\">Telefon: 05072\u202f\/\u202f77\u202f00000<br data-start=\"425\" data-end=\"428\" \/>E-Fax: 05072\u202f\/\u202f92240<br data-start=\"448\" data-end=\"451\" \/>WhatsApp: 0173\u202f\/\u202f390\u202f7667<br data-start=\"476\" data-end=\"479\" \/>E-Mail: <a href=\"mailto:postfach@kp-hausverwaltung.de\">postfach@kp-hausverwaltung.de<\/a><br data-start=\"542\" data-end=\"545\" \/>Website: <a class=\"\" href=\"https:\/\/www.kp-hausverwaltung.de\" target=\"_new\" rel=\"noopener\" data-start=\"554\" data-end=\"614\">www.kp-hausverwaltung.de<\/a><\/p><p data-start=\"616\" data-end=\"862\">Umsatzsteuer-Identifikationsnummer gem\u00e4\u00df \u00a7\u202f27a UStG: <strong data-start=\"669\" data-end=\"684\">DE263771537<\/strong><br data-start=\"684\" data-end=\"687\" \/>Registergericht: Amtsgericht Hannover<br data-start=\"724\" data-end=\"727\" \/>Handelsregisternummer: <strong data-start=\"750\" data-end=\"764\">HRB 218157<\/strong><br data-start=\"764\" data-end=\"767\" \/>Gesch\u00e4ftsf\u00fchrer: <strong data-start=\"784\" data-end=\"803\">Peter Koenemann<\/strong><br data-start=\"803\" data-end=\"806\" \/>Firmensitz: Alt Helstorf 8, 31535 Neustadt am R\u00fcbenberge<\/p>\t\t\t\t\t\t\t\t<\/div>\n\t\t\t\t<\/div>\n\t\t\t\t<\/div>\n\t\t<div class=\"elementor-element elementor-element-9380b14 e-con-full e-flex e-con e-child\" data-id=\"9380b14\" data-element_type=\"container\" data-settings=\"{&quot;background_background&quot;:&quot;classic&quot;}\">\n\t\t\t\t<\/div>\n\t\t\t\t<\/div>\n\t\t<div class=\"elementor-element elementor-element-0a59999 e-con-full e-flex e-con e-parent\" data-id=\"0a59999\" data-element_type=\"container\">\n\t\t\t\t<div class=\"elementor-element elementor-element-580360a elementor-widget elementor-widget-google_maps\" data-id=\"580360a\" data-element_type=\"widget\" data-widget_type=\"google_maps.default\">\n\t\t\t\t<div class=\"elementor-widget-container\">\n\t\t\t\t\t\t\t<div class=\"elementor-custom-embed\">\n\t\t\t<iframe loading=\"lazy\"\n\t\t\t\t\tsrc=\"https:\/\/maps.google.com\/maps?q=Koenemann%20%26%20P%C3%BCttcher%20Hausverwaltung&#038;t=m&#038;z=10&#038;output=embed&#038;iwloc=near\"\n\t\t\t\t\ttitle=\"Koenemann &amp; P\u00fcttcher Hausverwaltung\"\n\t\t\t\t\taria-label=\"Koenemann &amp; P\u00fcttcher Hausverwaltung\"\n\t\t\t><\/iframe>\n\t\t<\/div>\n\t\t\t\t\t\t<\/div>\n\t\t\t\t<\/div>\n\t\t\t\t<\/div>\n\t\t\t\t<\/div>\n\t\t","protected":false},"excerpt":{"rendered":"<p>Impressum Impressum der Koenemann &amp; P\u00fcttcher Hausverwaltung Als verantwortungsbewusstes Unternehmen legen wir gro\u00dfen Wert auf rechtliche Transparenz. Nachfolgend finden Sie die gesetzlich vorgeschriebenen Angaben zum Diensteanbieter dieser Website gem\u00e4\u00df \u00a7\u202f5 Telemediengesetz (TMG).Dieses Impressum gilt f\u00fcr alle Onlineangebote der Koenemann &amp; P\u00fcttcher Hausverwaltung GmbH, auf denen auf diese Seite verwiesen wird. Bei R\u00fcckfragen zu rechtlichen Inhalten [&hellip;]<\/p>\n","protected":false},"author":1,"featured_media":0,"parent":0,"menu_order":0,"comment_status":"closed","ping_status":"closed","template":"","meta":{"content-type":"","footnotes":""},"class_list":["post-38","page","type-page","status-publish","hentry"],"_links":{"self":[{"href":"https:\/\/kp-hausverwaltung.de\/index.php?rest_route=\/wp\/v2\/pages\/38","targetHints":{"allow":["GET"]}}],"collection":[{"href":"https:\/\/kp-hausverwaltung.de\/index.php?rest_route=\/wp\/v2\/pages"}],"about":[{"href":"https:\/\/kp-hausverwaltung.de\/index.php?rest_route=\/wp\/v2\/types\/page"}],"author":[{"embeddable":true,"href":"https:\/\/kp-hausverwaltung.de\/index.php?rest_route=\/wp\/v2\/users\/1"}],"replies":[{"embeddable":true,"href":"https:\/\/kp-hausverwaltung.de\/index.php?rest_route=%2Fwp%2Fv2%2Fcomments&post=38"}],"version-history":[{"count":10,"href":"https:\/\/kp-hausverwaltung.de\/index.php?rest_route=\/wp\/v2\/pages\/38\/revisions"}],"predecessor-version":[{"id":177,"href":"https:\/\/kp-hausverwaltung.de\/index.php?rest_route=\/wp\/v2\/pages\/38\/revisions\/177"}],"wp:attachment":[{"href":"https:\/\/kp-hausverwaltung.de\/index.php?rest_route=%2Fwp%2Fv2%2Fmedia&parent=38"}],"curies":[{"name":"wp","href":"https:\/\/api.w.org\/{rel}","templated":true}]}}