{"id":101,"date":"2025-06-12T16:09:26","date_gmt":"2025-06-12T14:09:26","guid":{"rendered":"https:\/\/ozeztvpyef-3.meinwp.de\/?page_id=101"},"modified":"2025-07-04T12:24:42","modified_gmt":"2025-07-04T10:24:42","slug":"schadensportal","status":"publish","type":"page","link":"https:\/\/kp-hausverwaltung.de\/?page_id=101","title":{"rendered":"Schadensportal"},"content":{"rendered":"\t\t<div data-elementor-type=\"wp-page\" data-elementor-id=\"101\" class=\"elementor elementor-101\" data-elementor-post-type=\"page\">\n\t\t\t\t<div class=\"elementor-element elementor-element-d16407b e-con-full e-flex e-con e-parent\" data-id=\"d16407b\" data-element_type=\"container\" data-settings=\"{&quot;background_background&quot;:&quot;classic&quot;,&quot;shape_divider_bottom&quot;:&quot;tilt&quot;}\">\n\t\t\t\t<div class=\"elementor-shape elementor-shape-bottom\" aria-hidden=\"true\" data-negative=\"false\">\n\t\t\t<svg xmlns=\"http:\/\/www.w3.org\/2000\/svg\" viewBox=\"0 0 1000 100\" preserveAspectRatio=\"none\">\n\t<path class=\"elementor-shape-fill\" d=\"M0,6V0h1000v100L0,6z\"\/>\n<\/svg>\t\t<\/div>\n\t\t\t\t<div class=\"elementor-element elementor-element-1dc963b elementor-widget elementor-widget-heading\" data-id=\"1dc963b\" data-element_type=\"widget\" data-widget_type=\"heading.default\">\n\t\t\t\t<div class=\"elementor-widget-container\">\n\t\t\t\t\t<h1 class=\"elementor-heading-title elementor-size-default\">Schadensportal<\/h1>\t\t\t\t<\/div>\n\t\t\t\t<\/div>\n\t\t\t\t<\/div>\n\t\t<div class=\"elementor-element elementor-element-244f372 e-con-full e-flex e-con e-child\" data-id=\"244f372\" data-element_type=\"container\" data-settings=\"{&quot;background_background&quot;:&quot;classic&quot;}\">\n\t\t\t\t<div class=\"elementor-element elementor-element-b1e4416 elementor-widget elementor-widget-heading\" data-id=\"b1e4416\" data-element_type=\"widget\" data-widget_type=\"heading.default\">\n\t\t\t\t<div class=\"elementor-widget-container\">\n\t\t\t\t\t<h6 class=\"elementor-heading-title elementor-size-default\">wir k\u00fcmmern uns darum<\/h6>\t\t\t\t<\/div>\n\t\t\t\t<\/div>\n\t\t\t\t<div class=\"elementor-element elementor-element-9c38301 elementor-widget__width-inherit elementor-widget elementor-widget-heading\" data-id=\"9c38301\" data-element_type=\"widget\" data-widget_type=\"heading.default\">\n\t\t\t\t<div class=\"elementor-widget-container\">\n\t\t\t\t\t<h3 class=\"elementor-heading-title elementor-size-default\">Einfach und schnell einen Schaden melden<\/h3>\t\t\t\t<\/div>\n\t\t\t\t<\/div>\n\t\t\t\t<div class=\"elementor-element elementor-element-ecfcae6 elementor-widget elementor-widget-text-editor\" data-id=\"ecfcae6\" data-element_type=\"widget\" data-widget_type=\"text-editor.default\">\n\t\t\t\t<div class=\"elementor-widget-container\">\n\t\t\t\t\t\t\t\t\t<p data-start=\"249\" data-end=\"459\">Ein technischer Defekt, ein Wasserschaden oder ein Problem in Ihrer Wohnung oder im gemeinschaftlichen Bereich? \u00dcber unser Online-Formular k\u00f6nnen Sie Sch\u00e4den schnell, unkompliziert und rund um die Uhr melden.<\/p><p data-start=\"461\" data-end=\"649\">Egal ob Sie Eigent\u00fcmer oder Mieter sind \u2013 Ihre Meldung erreicht direkt unser Verwaltungsteam, das sich zeitnah um die Koordination von Reparaturma\u00dfnahmen oder weiteren Schritten k\u00fcmmert.<\/p><p data-start=\"651\" data-end=\"852\" data-is-last-node=\"\" data-is-only-node=\"\">Bitte schildern Sie den Schaden m\u00f6glichst genau und f\u00fcgen Sie \u2013 wenn m\u00f6glich \u2013 auch Fotos hinzu. So k\u00f6nnen wir uns direkt ein umfassendes Bild machen und gezielt handeln. Vielen Dank f\u00fcr Ihre Mithilfe!<\/p>\t\t\t\t\t\t\t\t<\/div>\n\t\t\t\t<\/div>\n\t\t\t\t<\/div>\n\t\t<div class=\"elementor-element elementor-element-09f4366 e-flex e-con-boxed e-con e-child\" data-id=\"09f4366\" data-element_type=\"container\" data-settings=\"{&quot;background_background&quot;:&quot;classic&quot;}\">\n\t\t\t\t\t<div class=\"e-con-inner\">\n\t\t\t\t<div class=\"elementor-element elementor-element-837f55d elementor-widget elementor-widget-shortcode\" data-id=\"837f55d\" data-element_type=\"widget\" data-widget_type=\"shortcode.default\">\n\t\t\t\t<div class=\"elementor-widget-container\">\n\t\t\t\t\t\t\t<div class=\"elementor-shortcode\">\n\t\t\t<div\n\t\t\tclass=\"hs-form-frame\"\n\t\t\tdata-region=\"eu1\"\n\t\t\tdata-form-id=\"dec100e9-01da-4987-a947-dfb535ba5aa2\"\n\t\t\tdata-portal-id=\"146487412\"\n\t\t\t >\n\t\t\t<\/div>\n\t\t\t<\/div>\n\t\t\t\t\t\t<\/div>\n\t\t\t\t<\/div>\n\t\t\t\t\t<\/div>\n\t\t\t\t<\/div>\n\t\t<div class=\"elementor-element elementor-element-ad5bf64 e-con-full e-flex e-con e-child\" data-id=\"ad5bf64\" data-element_type=\"container\" data-settings=\"{&quot;background_background&quot;:&quot;classic&quot;}\">\n\t\t\t\t<div class=\"elementor-element elementor-element-2d9ea96 elementor-widget elementor-widget-heading\" data-id=\"2d9ea96\" data-element_type=\"widget\" data-widget_type=\"heading.default\">\n\t\t\t\t<div class=\"elementor-widget-container\">\n\t\t\t\t\t<h6 class=\"elementor-heading-title elementor-size-default\">Koenemann &amp; P\u00fcttcher<\/h6>\t\t\t\t<\/div>\n\t\t\t\t<\/div>\n\t\t\t\t<div class=\"elementor-element elementor-element-47d3e01 elementor-widget__width-inherit elementor-widget elementor-widget-heading\" data-id=\"47d3e01\" data-element_type=\"widget\" data-widget_type=\"heading.default\">\n\t\t\t\t<div class=\"elementor-widget-container\">\n\t\t\t\t\t<h3 class=\"elementor-heading-title elementor-size-default\">Ihre Hausverwaltung mit Haltung, <br>Herz und Handschlagqualit\u00e4t<\/h3>\t\t\t\t<\/div>\n\t\t\t\t<\/div>\n\t\t\t\t<\/div>\n\t\t\t\t<\/div>\n\t\t","protected":false},"excerpt":{"rendered":"<p>Schadensportal wir k\u00fcmmern uns darum Einfach und schnell einen Schaden melden Ein technischer Defekt, ein Wasserschaden oder ein Problem in Ihrer Wohnung oder im gemeinschaftlichen Bereich? \u00dcber unser Online-Formular k\u00f6nnen Sie Sch\u00e4den schnell, unkompliziert und rund um die Uhr melden. Egal ob Sie Eigent\u00fcmer oder Mieter sind \u2013 Ihre Meldung erreicht direkt unser Verwaltungsteam, das [&hellip;]<\/p>\n","protected":false},"author":1,"featured_media":0,"parent":0,"menu_order":0,"comment_status":"closed","ping_status":"closed","template":"","meta":{"content-type":"","footnotes":""},"class_list":["post-101","page","type-page","status-publish","hentry"],"_links":{"self":[{"href":"https:\/\/kp-hausverwaltung.de\/index.php?rest_route=\/wp\/v2\/pages\/101","targetHints":{"allow":["GET"]}}],"collection":[{"href":"https:\/\/kp-hausverwaltung.de\/index.php?rest_route=\/wp\/v2\/pages"}],"about":[{"href":"https:\/\/kp-hausverwaltung.de\/index.php?rest_route=\/wp\/v2\/types\/page"}],"author":[{"embeddable":true,"href":"https:\/\/kp-hausverwaltung.de\/index.php?rest_route=\/wp\/v2\/users\/1"}],"replies":[{"embeddable":true,"href":"https:\/\/kp-hausverwaltung.de\/index.php?rest_route=%2Fwp%2Fv2%2Fcomments&post=101"}],"version-history":[{"count":12,"href":"https:\/\/kp-hausverwaltung.de\/index.php?rest_route=\/wp\/v2\/pages\/101\/revisions"}],"predecessor-version":[{"id":183,"href":"https:\/\/kp-hausverwaltung.de\/index.php?rest_route=\/wp\/v2\/pages\/101\/revisions\/183"}],"wp:attachment":[{"href":"https:\/\/kp-hausverwaltung.de\/index.php?rest_route=%2Fwp%2Fv2%2Fmedia&parent=101"}],"curies":[{"name":"wp","href":"https:\/\/api.w.org\/{rel}","templated":true}]}}